{"id":2580,"date":"2019-06-25T19:42:56","date_gmt":"2019-06-25T17:42:56","guid":{"rendered":"https:\/\/citrusgolfclub.com\/destination\/"},"modified":"2020-11-24T14:20:03","modified_gmt":"2020-11-24T13:20:03","slug":"ziel","status":"publish","type":"page","link":"https:\/\/www.citrusgolfclub.com\/de\/ziel\/","title":{"rendered":"Ziel"},"content":{"rendered":"<div class=\"wpb-content-wrapper\">[vc_row][vc_column width=&#8220;1\/3&#8243;][vc_custom_heading text=&#8220;Hammamet, Die Stadt des zeitlosen Charmes&#8220; font_container=&#8220;tag:h3|font_size:46|text_align:left|color:%23003852|line_height:1.3&#8243; google_fonts=&#8220;font_family:Playfair%20Display%3Aregular%2Citalic%2C700%2C700italic%2C900%2C900italic|font_style:700%20bold%20regular%3A700%3Anormal&#8220;][vc_single_image image=&#8220;806&#8243; img_size=&#8220;full&#8220;][vc_column_text]Hammamet, das bedeutet azurblaues Meer, weite, wei\u00dfe Sandstr\u00e4nde, blauer Himmel, Sonne, Palmen und duftende G\u00e4rten voller Orangen-und Bergamotten und Pomeranzenb\u00e4umen. Hammamet, das bedeutet Jasmin-und Orangenbl\u00fcten.<\/p>\n<p>Ein wundersch\u00f6ner Badeort mit hochwertigen Hotels, Clubs, Bars und Restaurants.[\/vc_column_text][\/vc_column][vc_column width=&#8220;1\/3&#8243;][vc_column_text]Ganz in der N\u00e4he befindet sich der Ort Yasmine Hammamet, ein 2003 neu erbauter Touristenort.<br \/>\nIn den 20er Jahren des letzten Jahrhunderts lie\u00df sich der rum\u00e4nische Milliard\u00e4r Georges S\u00e9bastian von dem Charme des Ortes verzaubern. Er erbaute hier eine pr\u00e4chtige Villa im landestypischen Stil, die zu einer der sch\u00f6nsten Architekturen des Ortes z\u00e4hlt.<\/p>\n<p>Nach und nach kamen Amerikaner : Jesan und Violet Hensen und andere weltbekannte Pers\u00f6nlichkeiten: u.a. Andr\u00e9 Gide. Roger Martin du Gard. Georges Bernanos. Paul Klee, Frank Lloyd Wright, Rommel etc. Sp\u00e4ter kamen noch mehr Ber\u00fchmtheiten wie Jean-Claude Pascal.<\/p>\n<p>1959 gibt Sebastian das Anwesen an den tunesischen Staat. Es wird zum internationalen Kulturzentrum von Hammamet. Hier findet jedes Jahr im Sommer das Internationale Festival von Hammamet statt.[\/vc_column_text][\/vc_column][vc_column width=&#8220;1\/3&#8243; el_id=&#8220;hamweather&#8220;][vc_column_text]In Hammamet gibt es zwar nur wenige historische Monumente, aber die Medina, die Altstadt, hier, strahlt einen besonderen Charme aus: Der Zauber der kleinen Gassen, die so intime Atmosph\u00e4re und das freundliche und wohlwollende L\u00e4cheln der Einwohner werden die Besucher nicht unber\u00fchrt lassen.<\/p>\n<p>Die Festungsmauern um die Medina hatten drei pr\u00e4chtige Tore. Die Kashba, die Festung, stammt aus dem 15. Jahrhundert. Sie wurde auf den Ruinen einer Festung aus dem 12.Jahrhundert erbaut.<\/p>\n<p>Von hier aus hat man einen perfekten Blick auf die ganze Stadt. Am Fu\u00dfe der Festung liegt ein sehr sch\u00f6nes Caf\u00e9. Unweit der Hotels kann man auch die \u00dcberreste sch\u00f6ner H\u00e4user mit privaten Thermen und Mosaiken der antiken r\u00f6mischen Stadt Pupput sehen.[\/vc_column_text][\/vc_column][\/vc_row][vc_row full_width=&#8220;stretch_row&#8220; disable_element=&#8220;yes&#8220; css=&#8220;.vc_custom_1585681843531{background-color: #efefef !important;}&#8220;][vc_column][vc_custom_heading text=&#8220;Offre sp\u00e9ciale de nos H\u00f4tels partenaires&#8220; font_container=&#8220;tag:h3|text_align:center|color:%23003852&#8243; google_fonts=&#8220;font_family:Playfair%20Display%3Aregular%2Citalic%2C700%2C700italic%2C900%2C900italic|font_style:700%20bold%20regular%3A700%3Anormal&#8220;][vc_basic_grid post_type=&#8220;post&#8220; max_items=&#8220;10&#8243; style=&#8220;load-more&#8220; items_per_page=&#8220;3&#8243; item=&#8220;masonryGrid_Default&#8220; btn_color=&#8220;default&#8220; grid_id=&#8220;vc_gid:1606223623613-f47753e9-9c1c-9&#8243; taxonomies=&#8220;9&#8243;][\/vc_column][\/vc_row][vc_row][vc_column width=&#8220;1\/6&#8243;][\/vc_column][vc_column width=&#8220;2\/3&#8243;][vc_custom_heading text=&#8220;Hammamet, Die sch\u00f6ne&#8220; font_container=&#8220;tag:h3|font_size:46|text_align:center|color:%23003852|line_height:1.3&#8243; google_fonts=&#8220;font_family:Playfair%20Display%3Aregular%2Citalic%2C700%2C700italic%2C900%2C900italic|font_style:700%20bold%20regular%3A700%3Anormal&#8220;][vc_single_image image=&#8220;806&#8243; img_size=&#8220;full&#8220; alignment=&#8220;center&#8220;][vc_gallery type=&#8220;nivo&#8220; interval=&#8220;3&#8243; images=&#8220;1490,1487,1491,1488,1489,1492&#8243; img_size=&#8220;full&#8220;][\/vc_column][vc_column width=&#8220;1\/6&#8243;][\/vc_column][\/vc_row]\n<\/div>","protected":false},"excerpt":{"rendered":"<p>[vc_row][vc_column width=&#8220;1\/3&#8243;][vc_custom_heading text=&#8220;Hammamet, Die Stadt des zeitlosen Charmes&#8220; font_container=&#8220;tag:h3|font_size:46|text_align:left|color:%23003852|line_height:1.3&#8243; google_fonts=&#8220;font_family:Playfair%20Display%3Aregular%2Citalic%2C700%2C700italic%2C900%2C900italic|font_style:700%20bold%20regular%3A700%3Anormal&#8220;][vc_single_image image=&#8220;806&#8243; img_size=&#8220;full&#8220;][vc_column_text]Hammamet, das bedeutet azurblaues Meer, weite, wei\u00dfe Sandstr\u00e4nde, blauer Himmel, Sonne, Palmen und duftende G\u00e4rten<span class=\"excerpt-hellip\"> [\u2026]<\/span><\/p>\n","protected":false},"author":1,"featured_media":0,"parent":0,"menu_order":0,"comment_status":"closed","ping_status":"closed","template":"","meta":{"footnotes":""},"class_list":["post-2580","page","type-page","status-publish","hentry"],"_links":{"self":[{"href":"https:\/\/www.citrusgolfclub.com\/de\/wp-json\/wp\/v2\/pages\/2580","targetHints":{"allow":["GET"]}}],"collection":[{"href":"https:\/\/www.citrusgolfclub.com\/de\/wp-json\/wp\/v2\/pages"}],"about":[{"href":"https:\/\/www.citrusgolfclub.com\/de\/wp-json\/wp\/v2\/types\/page"}],"author":[{"embeddable":true,"href":"https:\/\/www.citrusgolfclub.com\/de\/wp-json\/wp\/v2\/users\/1"}],"replies":[{"embeddable":true,"href":"https:\/\/www.citrusgolfclub.com\/de\/wp-json\/wp\/v2\/comments?post=2580"}],"version-history":[{"count":4,"href":"https:\/\/www.citrusgolfclub.com\/de\/wp-json\/wp\/v2\/pages\/2580\/revisions"}],"predecessor-version":[{"id":2711,"href":"https:\/\/www.citrusgolfclub.com\/de\/wp-json\/wp\/v2\/pages\/2580\/revisions\/2711"}],"wp:attachment":[{"href":"https:\/\/www.citrusgolfclub.com\/de\/wp-json\/wp\/v2\/media?parent=2580"}],"curies":[{"name":"wp","href":"https:\/\/api.w.org\/{rel}","templated":true}]}}