{"id":2712,"date":"2019-06-10T17:49:30","date_gmt":"2019-06-10T15:49:30","guid":{"rendered":"https:\/\/citrusgolfclub.com\/la-foret\/"},"modified":"2020-11-25T17:19:13","modified_gmt":"2020-11-25T16:19:13","slug":"la-foret","status":"publish","type":"page","link":"https:\/\/www.citrusgolfclub.com\/de\/la-foret\/","title":{"rendered":"La For\u00eat"},"content":{"rendered":"<div class=\"wpb-content-wrapper\"><p>[vc_row][vc_column][vc_empty_space height=&#8220;20&#8243;][\/vc_column][\/vc_row][vc_row][vc_column width=&#8220;1\/2&#8243;][vc_custom_heading text=&#8220;La For\u00eat&#8220; font_container=&#8220;tag:h3|font_size:46|text_align:left|color:%23003852|line_height:1.3&#8243; google_fonts=&#8220;font_family:Playfair%20Display%3Aregular%2Citalic%2C700%2C700italic%2C900%2C900italic|font_style:400%20regular%3A400%3Anormal&#8220;][vc_single_image image=&#8220;806&#8243; img_size=&#8220;full&#8220;][vc_custom_heading text=&#8220;La For\u00eat, 18-Loch-Golfplatz par 72 in Tunesien&#8220; font_container=&#8220;tag:h3|text_align:left|color:%239e9e9e&#8220; google_fonts=&#8220;font_family:Great%20Vibes%3Aregular|font_style:400%20regular%3A400%3Anormal&#8220; css=&#8220;.vc_custom_1606224299705{margin-top: -30px !important;}&#8220;][vc_column_text]\u2018La For\u00eat\u2019 ist einer der beiden 18 Loch 72 par Golf-Championship-Pl\u00e4tze des Citrus Golf Clubs. Dieser h\u00fcgelige Parcours, dessen Streckenf\u00fchrung von dem Architekten Ronald Fream konzipiert wurde, ist von einem Pinienwald umgeben und dem Lauf der vorherrschenden Winde (Nordost und Nordwest) nach designt worden.<\/p>\n<p>Der Golfparcours \u00ab La For\u00eat \u00bb erstreckt sich auf einer L\u00e4nge von 6 066 Meter (M\u00e4nner)\/ 5 235 Meter (Frauen) und ist vor allem f\u00fcr versierte Spieler geeignet: Blind Holes, verschiedene Wasserhindernisse und Bunker, die von welligen Greens gesch\u00fctzt sind, bieten mehr als eine Herausforderung.[\/vc_column_text][vc_single_image image=&#8220;1504&#8243; img_size=&#8220;full&#8220; alignment=&#8220;center&#8220;][vc_column_text]Hier finden Sie eine Beschreibung ausgew\u00e4hlter L\u00f6chern des \u2018La For\u00eat\u2018 &#8211; Platzes sowie die Score Card :[\/vc_column_text][\/vc_column][vc_column width=&#8220;1\/2&#8243;][vc_single_image image=&#8220;1455&#8243; img_size=&#8220;full&#8220; alignment=&#8220;center&#8220; onclick=&#8220;link_image&#8220;][\/vc_column][\/vc_row][vc_row][vc_column width=&#8220;1\/2&#8243;][vc_single_image image=&#8220;228&#8243; img_size=&#8220;full&#8220; alignment=&#8220;center&#8220; onclick=&#8220;link_image&#8220;][\/vc_column][vc_column width=&#8220;1\/2&#8243;][vc_column_text]Der Platz \u00ab La For\u00eat \u00bb wurde 2017 und 2018 von den World Golf Awards zum besten Golfplatz Tunesiens gek\u00fcrt.<\/p>\n<p>Dieser anspruchsvolle Platz liegt d\u00fcnengeformt in einer besonderen Umgebung mit subtilen, komplexen und windumgebenen L\u00f6chern. Eine wunderbare Herausforderung f\u00fcr den versierten Golfer.[\/vc_column_text][vc_row_inner][vc_column_inner width=&#8220;1\/3&#8243;][vc_btn title=&#8220;Reservierung&#8220; style=&#8220;classic&#8220; shape=&#8220;square&#8220; color=&#8220;turquoise&#8220; align=&#8220;center&#8220;][\/vc_column_inner][vc_column_inner width=&#8220;1\/3&#8243;][vc_btn title=&#8220;Score Card&#8220; style=&#8220;classic&#8220; shape=&#8220;square&#8220; color=&#8220;turquoise&#8220; align=&#8220;center&#8220; link=&#8220;url:https%3A%2F%2Fwww.citrusgolfclub.com%2Fwp-content%2Fuploads%2F2020%2F04%2Fforet_scorecard.pdf|title:score%20card%20La%20For%C3%AAt|target:%20_blank|&#8220;][\/vc_column_inner][vc_column_inner width=&#8220;1\/3&#8243;][vc_btn title=&#8220;Tarife&#8220; style=&#8220;classic&#8220; shape=&#8220;square&#8220; color=&#8220;turquoise&#8220; align=&#8220;center&#8220; link=&#8220;url:https%3A%2F%2Fwww.citrusgolfclub.com%2Fgreen-fee%2F|title:Tarifs|target:%20_blank|&#8220;][\/vc_column_inner][\/vc_row_inner][\/vc_column][\/vc_row][vc_row disable_element=&#8220;yes&#8220;][vc_column width=&#8220;1\/3&#8243;][vc_single_image image=&#8220;623&#8243; img_size=&#8220;full&#8220; alignment=&#8220;center&#8220;][vc_column_text]<\/p>\n<h4 style=\"text-align: center;\"><span style=\"color: #003852;\"><strong>Trou N\u00b0 17\u00a0<\/strong><\/span><\/h4>\n<p style=\"text-align: center;\"><span style=\"color: #038583;\"><strong>489 m, 471 m, 455 m, 437 m, par 5, STR 12.<\/strong><\/span><\/p>\n<p>Voil\u00e0 un Par 5 o\u00f9 les d\u00e9parts surplombent un semblant de Frairway qui ne donne pas droit \u00e0 l\u2019erreur.<\/p>\n<p>La surface de l\u2019aire de r\u00e9ception est prot\u00e9g\u00e9e par des rideaux d\u2019arbres qui longent le double Dog-leg \u00e0 gauche.<\/p>\n<p>Le trou n\u2019est visible qu\u2019\u00e0 partir du troisi\u00e8me coup avec un Green prot\u00e9g\u00e9 par 3 bunkers qui rendent l\u2019approche difficile.[\/vc_column_text][\/vc_column][vc_column width=&#8220;1\/3&#8243;][vc_single_image image=&#8220;625&#8243; img_size=&#8220;full&#8220; alignment=&#8220;center&#8220;][\/vc_column][vc_column width=&#8220;1\/3&#8243;][vc_single_image image=&#8220;627&#8243; img_size=&#8220;full&#8220; alignment=&#8220;center&#8220;][vc_column_text]<\/p>\n<h4 style=\"text-align: center;\"><span style=\"color: #003852;\"><strong>Trou N\u00b0 3\u00a0<\/strong><\/span><\/h4>\n<p style=\"text-align: center;\"><span style=\"color: #038583;\"><strong> 372 m, 352 m, 314 m, 286 m, Par 4, STR 3.<\/strong><\/span><\/p>\n<p>Voil\u00e0 un trou qui a des aires de d\u00e9part diff\u00e9rentes.<\/p>\n<p>Ce trou, un Dog-leg \u00e0 droite et aveugle, est prot\u00e9g\u00e9 par un rideau d\u2019arbres qu\u2019il faut traverser d\u00e8s le premier coup.<\/p>\n<p>Tous les coups de d\u00e9part non r\u00e9ussis seront automatiquement p\u00e9nalis\u00e9s.<\/p>\n<p>Le deuxi\u00e8me coup n\u2019est pas une t\u00e2che facile, car le Green est prot\u00e9g\u00e9 par un obstacle d\u2019eau lat\u00e9ral sur sa droite et d\u2019un Bunker derri\u00e8re pour recevoir les deuxi\u00e8mes coups longs.[\/vc_column_text][\/vc_column][\/vc_row][vc_row full_width=&#8220;stretch_row&#8220; parallax=&#8220;content-moving&#8220; parallax_image=&#8220;534&#8243; disable_element=&#8220;yes&#8220;][vc_column][vc_empty_space height=&#8220;50&#8243;][vc_column_text]<\/p>\n<h3 style=\"text-align: center;\"><span style=\"color: #ffffff;\">Le parcours de La For\u00eat a \u00e9t\u00e9 \u00e9lu meilleur parcours de Tunisie en 2017 et 2018 par les World<\/span><br \/>\n<span style=\"color: #ffffff;\">Golf Awards.<\/span><\/h3>\n<h3 style=\"text-align: center;\"><span style=\"color: #ffffff;\">Ce parcours exigeant, avec des fairways vallonn\u00e9s, propose un environnement<\/span><br \/>\n<span style=\"color: #ffffff;\">rare avec ses trous subtils, complexes et vent\u00e9s.<\/span><\/h3>\n<h3 style=\"text-align: center;\"><span style=\"color: #ffffff;\">Pour un golfeur confirm\u00e9, c\u2019est un superbe challenge.<\/span><\/h3>\n<p>[\/vc_column_text][vc_row_inner][vc_column_inner width=&#8220;1\/2&#8243;][\/vc_column_inner][vc_column_inner width=&#8220;1\/2&#8243;][\/vc_column_inner][\/vc_row_inner][vc_empty_space height=&#8220;30&#8243;][vc_row_inner disable_element=&#8220;yes&#8220;][vc_column_inner width=&#8220;1\/3&#8243;][\/vc_column_inner][vc_column_inner width=&#8220;1\/3&#8243;][vc_raw_js]JTNDYSUyMGNsYXNzJTNEJTIyd2VhdGhlcndpZGdldC1pbyUyMiUyMGhyZWYlM0QlMjJodHRwcyUzQSUyRiUyRmZvcmVjYXN0Ny5jb20lMkZmciUyRjM2ZDQxMTBkNjIlMkZoYW1tYW1ldCUyRiUyMiUyMGRhdGEtbGFiZWxfMSUzRCUyMkhBTU1BTUVUJTIyJTIwZGF0YS1sYWJlbF8yJTNEJTIyV0VBVEhFUiUyMiUyMGRhdGEtZm9udCUzRCUyMlJvYm90byUyMiUyMGRhdGEtaWNvbnMlM0QlMjJDbGltYWNvbnMlMjBBbmltYXRlZCUyMiUyMGRhdGEtbW9kZSUzRCUyMkN1cnJlbnQlMjIlMjBkYXRhLXRoZW1lJTNEJTIycHVyZSUyMiUyMGRhdGEtYmFzZWNvbG9yJTNEJTIyJTIzZjVmNWYwJTIyJTIwJTNFSEFNTUFNRVQlMjBXRUFUSEVSJTNDJTJGYSUzRSUwQSUzQ3NjcmlwdCUzRSUwQSUyMWZ1bmN0aW9uJTI4ZCUyQ3MlMkNpZCUyOSU3QnZhciUyMGpzJTJDZmpzJTNEZC5nZXRFbGVtZW50c0J5VGFnTmFtZSUyOHMlMjklNUIwJTVEJTNCaWYlMjglMjFkLmdldEVsZW1lbnRCeUlkJTI4aWQlMjklMjklN0JqcyUzRGQuY3JlYXRlRWxlbWVudCUyOHMlMjklM0Jqcy5pZCUzRGlkJTNCanMuc3JjJTNEJTI3aHR0cHMlM0ElMkYlMkZ3ZWF0aGVyd2lkZ2V0LmlvJTJGanMlMkZ3aWRnZXQubWluLmpzJTI3JTNCZmpzLnBhcmVudE5vZGUuaW5zZXJ0QmVmb3JlJTI4anMlMkNmanMlMjklM0IlN0QlN0QlMjhkb2N1bWVudCUyQyUyN3NjcmlwdCUyNyUyQyUyN3dlYXRoZXJ3aWRnZXQtaW8tanMlMjclMjklM0IlMEElM0MlMkZzY3JpcHQlM0U=[\/vc_raw_js][\/vc_column_inner][vc_column_inner width=&#8220;1\/3&#8243;][\/vc_column_inner][\/vc_row_inner][\/vc_column][\/vc_row][vc_row][vc_column width=&#8220;1\/2&#8243;][vc_column_text]<\/p>\n<h4><span style=\"color: #003852;\"><strong>Loch N\u00b0 6\u00a0<\/strong><\/span><\/h4>\n<p><strong><span style=\"color: #038583;\"> 155 m, 128 m, 112 m, 81 m, Par 3, STR 17. \u00a0\u00a0<\/span>\u00a0\u00a0\u00a0\u00a0\u00a0\u00a0\u00a0\u00a0\u00a0\u00a0 <\/strong><\/p>\n<p>Zwischen dem Tee und dem Green liegt eine 100 m lange Schlucht. Jeder kurze Ball wird in der Schlucht enden.<\/p>\n<p>Das Green ist von \u201aOut of bounds\u2018 umgeben, die jeden ins Aus gegangen Ball aufnehmen.[\/vc_column_text][\/vc_column][vc_column width=&#8220;1\/2&#8243;][vc_single_image image=&#8220;240&#8243; img_size=&#8220;full&#8220;][\/vc_column][\/vc_row][vc_row full_width=&#8220;stretch_row&#8220; css=&#8220;.vc_custom_1586776678704{background-color: #efefef !important;}&#8220;][vc_column width=&#8220;1\/2&#8243;][vc_single_image image=&#8220;241&#8243; img_size=&#8220;full&#8220;][\/vc_column][vc_column width=&#8220;1\/2&#8243;][vc_column_text]<\/p>\n<h4><span style=\"color: #003852;\"><strong>Loch N\u00b0 8 <\/strong><\/span><\/h4>\n<p><span style=\"color: #038583;\"><strong>313 m, 288 m, 260 m, 241 m, Par 4, STR 11.<\/strong><\/span><\/p>\n<p>Ein schwieriges par 4: das Geb\u00fcsch links des Fairways und der See auf der rechten Seite &#8211; diese Konstellation zwingt den Golfer, den Abschlag gut in das Zentrum des Fairways zu schlagen.<\/p>\n<p>Was den zweiten Schlag betrifft, so muss man den Dog Leg auf der rechten Seite unterhalb des Sees \u00fcberwinden, um so zu versuchen, das von 1,50 m tiefen Bunkern gesch\u00fctzte Green zu erreichen.<\/p>\n<p>Aufgepasst bei langen Schl\u00e4gen! Ein seitliches, nicht sofort sichtbares Wasserhindernis versteckt sich hinter dem Green.[\/vc_column_text][\/vc_column][\/vc_row][vc_row][vc_column width=&#8220;1\/2&#8243;][vc_column_text]<\/p>\n<h4 style=\"text-align: left;\"><span style=\"color: #003852;\"><strong>Loch N\u00b0 18 <\/strong><\/span><\/h4>\n<p style=\"text-align: left;\"><span style=\"color: #038583;\"><strong>395 m, 380 m, 361 m, 346 m, Par 4, STR 4.<\/strong><\/span><\/p>\n<p style=\"text-align: left;\">Ein ganz besonderes Loch. Hier muss man den Ball mehr als 220 m weit \u00fcber den See schlagen, um auf das Fairway zu gelangen. Das Green ist rechts von einem Bunker gesch\u00fctzt und links von einem zweiten See.<\/p>\n<p style=\"text-align: left;\">Das letzte Loch erlaubt keine Unterbrechung.<\/p>\n<p>[\/vc_column_text][\/vc_column][vc_column width=&#8220;1\/2&#8243;][vc_single_image image=&#8220;1589&#8243; img_size=&#8220;full&#8220;][\/vc_column][\/vc_row]<\/p>\n<\/div>","protected":false},"excerpt":{"rendered":"<p>[vc_row][vc_column][vc_empty_space height=&#8220;20&#8243;][\/vc_column][\/vc_row][vc_row][vc_column width=&#8220;1\/2&#8243;][vc_custom_heading text=&#8220;La For\u00eat&#8220; font_container=&#8220;tag:h3|font_size:46|text_align:left|color:%23003852|line_height:1.3&#8243; google_fonts=&#8220;font_family:Playfair%20Display%3Aregular%2Citalic%2C700%2C700italic%2C900%2C900italic|font_style:400%20regular%3A400%3Anormal&#8220;][vc_single_image image=&#8220;806&#8243; img_size=&#8220;full&#8220;][vc_custom_heading text=&#8220;La For\u00eat, 18-Loch-Golfplatz par 72 in Tunesien&#8220; font_container=&#8220;tag:h3|text_align:left|color:%239e9e9e&#8220; google_fonts=&#8220;font_family:Great%20Vibes%3Aregular|font_style:400%20regular%3A400%3Anormal&#8220; css=&#8220;.vc_custom_1606224299705{margin-top: -30px !important;}&#8220;][vc_column_text]\u2018La For\u00eat\u2019 ist einer der beiden<span class=\"excerpt-hellip\"> [\u2026]<\/span><\/p>\n","protected":false},"author":1,"featured_media":0,"parent":0,"menu_order":0,"comment_status":"closed","ping_status":"closed","template":"","meta":{"footnotes":""},"class_list":["post-2712","page","type-page","status-publish","hentry"],"_links":{"self":[{"href":"https:\/\/www.citrusgolfclub.com\/de\/wp-json\/wp\/v2\/pages\/2712","targetHints":{"allow":["GET"]}}],"collection":[{"href":"https:\/\/www.citrusgolfclub.com\/de\/wp-json\/wp\/v2\/pages"}],"about":[{"href":"https:\/\/www.citrusgolfclub.com\/de\/wp-json\/wp\/v2\/types\/page"}],"author":[{"embeddable":true,"href":"https:\/\/www.citrusgolfclub.com\/de\/wp-json\/wp\/v2\/users\/1"}],"replies":[{"embeddable":true,"href":"https:\/\/www.citrusgolfclub.com\/de\/wp-json\/wp\/v2\/comments?post=2712"}],"version-history":[{"count":4,"href":"https:\/\/www.citrusgolfclub.com\/de\/wp-json\/wp\/v2\/pages\/2712\/revisions"}],"predecessor-version":[{"id":2745,"href":"https:\/\/www.citrusgolfclub.com\/de\/wp-json\/wp\/v2\/pages\/2712\/revisions\/2745"}],"wp:attachment":[{"href":"https:\/\/www.citrusgolfclub.com\/de\/wp-json\/wp\/v2\/media?parent=2712"}],"curies":[{"name":"wp","href":"https:\/\/api.w.org\/{rel}","templated":true}]}}