{"id":2752,"date":"2019-06-13T16:25:23","date_gmt":"2019-06-13T14:25:23","guid":{"rendered":"https:\/\/citrusgolfclub.com\/club-house\/"},"modified":"2020-11-27T16:39:10","modified_gmt":"2020-11-27T15:39:10","slug":"clubhaus","status":"publish","type":"page","link":"https:\/\/www.citrusgolfclub.com\/de\/clubhaus\/","title":{"rendered":"Clubhaus"},"content":{"rendered":"<div class=\"wpb-content-wrapper\">[vc_row][vc_column width=&#8220;1\/3&#8243;][vc_column_text]Das angenehme und gem\u00fctliche Clubhaus des Citrus Golf Clubs \u00f6ffnet jeden Tag von 07H00 bis 21H30 seine T\u00fcren f\u00fcr Sie.<\/p>\n<p>Sie k\u00f6nnen vor oder nach der Golfrunde, das Restaurant und die Bar besuchen. Von dort aus haben Sie einen grandiosen Blick auf den 45-Loch-Golf-Komplex des Citrus Golf Clubs.<\/p>\n<p>Hier finden Sie alles, was Ihr Herz begehrt: geniessen Sie leckere Gerichte oder ein Glas Wein mit Ihren Golfpartnern.[\/vc_column_text][vc_btn title=&#8220;Restaurant &amp; Bar&#8220; style=&#8220;classic&#8220; shape=&#8220;square&#8220; color=&#8220;turquoise&#8220; size=&#8220;sm&#8220; align=&#8220;left&#8220; link=&#8220;url:https%3A%2F%2Fwww.citrusgolfclub.com%2Frestaurant-et-bar%2F|title:Restaurant%20et%20Bar|target:%20_blank|&#8220;][\/vc_column][vc_column width=&#8220;2\/3&#8243;]<div class=\"zoom_box\"><div class=\"photo\"><img loading=\"lazy\" decoding=\"async\" class=\"scale-with-grid\" src=\"https:\/\/www.citrusgolfclub.com\/wp-content\/uploads\/2020\/04\/clubhousepage.jpg\" alt=\"clubhousepage\" width=\"750\" height=\"400\"\/><\/div><div class=\"desc\" ><div class=\"desc_wrap\"><div class=\"desc_img\"><img loading=\"lazy\" decoding=\"async\" class=\"scale-with-grid\" src=\"https:\/\/www.citrusgolfclub.com\/wp-content\/uploads\/2019\/10\/zoombox4.png\" alt=\"zoombox4\" width=\"300\" height=\"300\"\/><\/div><div class=\"desc_txt\">Club House<\/div><\/div><\/div><\/div>\n[\/vc_column][\/vc_row][vc_row][vc_column width=&#8220;2\/3&#8243;]<div class=\"zoom_box\"><div class=\"photo\"><img loading=\"lazy\" decoding=\"async\" class=\"scale-with-grid\" src=\"https:\/\/www.citrusgolfclub.com\/wp-content\/uploads\/2019\/08\/club2.jpg\" alt=\"club2\" width=\"750\" height=\"400\"\/><\/div><div class=\"desc\" ><div class=\"desc_wrap\"><div class=\"desc_img\"><img loading=\"lazy\" decoding=\"async\" class=\"scale-with-grid\" src=\"https:\/\/www.citrusgolfclub.com\/wp-content\/uploads\/2019\/10\/zoombox5.png\" alt=\"zoombox5\" width=\"300\" height=\"300\"\/><\/div><div class=\"desc_txt\">ProShop<\/div><\/div><\/div><\/div>\n[\/vc_column][vc_column width=&#8220;1\/3&#8243;][vc_column_text]Der Pro-Shop verf\u00fcgt \u00fcber eine gro\u00dfe Auswahl an Golfbkleidung und untentbehrlichen Golfaccessoires (Handschuhe, Schuhe, B\u00e4lle, Ausr\u00fcstung etc) zu interessanten Preisen.<\/p>\n<p>Golf Cards, manuelle oder elektrische Trolley, mit Golfschl\u00e4gern best\u00fcckten Golfbags und Caddies, die auch jederzeit reserviert werden k\u00f6nnen.<\/p>\n<p>Das Clubhaus des Citrus Golf Club verf\u00fcgt wie internationale, hochwertige Golfclubs neben seinem Proshop auch \u00fcber komfortable Umkleidekabinen mit Duschen (M\u00e4nner\/Frauen)[\/vc_column_text][vc_btn title=&#8220;Proshop&#8220; style=&#8220;classic&#8220; shape=&#8220;square&#8220; color=&#8220;turquoise&#8220; size=&#8220;sm&#8220; align=&#8220;left&#8220; link=&#8220;url:https%3A%2F%2Fwww.citrusgolfclub.com%2Fproshop-2%2F|title:Proshop|target:%20_blank|&#8220;][\/vc_column][\/vc_row][vc_row full_width=&#8220;stretch_row&#8220; disable_element=&#8220;yes&#8220; css=&#8220;.vc_custom_1576174527498{background-color: #efefef !important;}&#8220;][vc_column width=&#8220;1\/3&#8243;]<div class=\"flat_box\"><div class=\"photo_wrapper\"><div class=\"icon themebg\" ><i class=\"icon-basket\" aria-hidden=\"true\"><\/i><\/div><img loading=\"lazy\" decoding=\"async\" class=\"photo scale-with-grid\" src=\"https:\/\/www.citrusgolfclub.com\/wp-content\/uploads\/2019\/04\/proshop1.jpg\" alt=\"proshop1\" width=\"780\" height=\"800\"\/><\/div><div class=\"desc_wrapper\"><h4 class=\"title \">Suivez nos nouveaut\u00e9s Proshop<\/h4><div class=\"desc\">Notre Proshop vous pr\u00e9sente les derni\u00e8res nouveaut\u00e9s dans les produits et habillement du Golf<\/div><\/div><\/div>\n[\/vc_column][vc_column width=&#8220;1\/3&#8243;]<div class=\"flat_box\"><div class=\"photo_wrapper\"><div class=\"icon themebg\" ><i class=\"icon-thumbs-up\" aria-hidden=\"true\"><\/i><\/div><img loading=\"lazy\" decoding=\"async\" class=\"photo scale-with-grid\" src=\"https:\/\/www.citrusgolfclub.com\/wp-content\/uploads\/2019\/06\/resto5.jpg\" alt=\"resto5\" width=\"780\" height=\"800\"\/><\/div><div class=\"desc_wrapper\"><h4 class=\"title \">Notre restaurant gastronomique THE COURSE<\/h4><div class=\"desc\">THE COURSE avec ses 96 places assises et ses trois terrasses, et une vue panoramique surplombant le complexe golfique feront le bonheur de vos cocktails<\/div><\/div><\/div>\n[\/vc_column][vc_column width=&#8220;1\/3&#8243;]<div class=\"flat_box\"><div class=\"photo_wrapper\"><div class=\"icon themebg\" ><i class=\"icon-graduation-cap\" aria-hidden=\"true\"><\/i><\/div><img loading=\"lazy\" decoding=\"async\" class=\"photo scale-with-grid\" src=\"https:\/\/www.citrusgolfclub.com\/wp-content\/uploads\/2019\/04\/foret2.jpg\" alt=\"foret2\" width=\"780\" height=\"800\"\/><\/div><div class=\"desc_wrapper\"><h4 class=\"title \">Suivez nos stages et le\u00e7ons<\/h4><div class=\"desc\">Venez perfectionner votre Swing, Putting, Chipping ou encore votre Pitching, avec nos professionnels multilingues affili\u00e9s \u00e0 la PGA Tunisie<\/div><\/div><\/div>\n[\/vc_column][\/vc_row][vc_row full_width=&#8220;stretch_row&#8220; css=&#8220;.vc_custom_1576174562565{background-color: #efefef !important;}&#8220;][vc_column width=&#8220;1\/3&#8243; css=&#8220;.vc_custom_1585838808034{background-image: url(https:\/\/www.citrusgolfclub.com\/wp-content\/uploads\/2020\/04\/Bloc3.jpg?id=1530) !important;background-position: center !important;background-repeat: no-repeat !important;background-size: cover !important;}&#8220;][vc_empty_space height=&#8220;200&#8243;][vc_custom_heading text=&#8220;Die Stadt Hammamet&#8220; font_container=&#8220;tag:h3|text_align:center|color:%23ffd900&#8243; google_fonts=&#8220;font_family:Playfair%20Display%3Aregular%2Citalic%2C700%2C700italic%2C900%2C900italic|font_style:400%20regular%3A400%3Anormal&#8220;][vc_column_text]<span style=\"color: #ffffff;\">Hammamet, das bedeutet azurblaues Meer, weite, wei\u00dfe Sandstr\u00e4nde, blauer Himmel, Sonne, Palmen und duftende G\u00e4rten voller Orangen-und Bergamotten und Pomeranzenb\u00e4umen. Hammamet, das bedeutet Jasmin-und Orangenbl\u00fcten.<\/span>[\/vc_column_text][vc_empty_space height=&#8220;175&#8243;][\/vc_column][vc_column width=&#8220;1\/3&#8243; css=&#8220;.vc_custom_1585838886346{margin-left: 10px !important;background-image: url(https:\/\/www.citrusgolfclub.com\/wp-content\/uploads\/2019\/12\/Bloc1.jpg?id=999) !important;background-position: center !important;background-repeat: no-repeat !important;background-size: cover !important;}&#8220;][vc_empty_space height=&#8220;200&#8243;][vc_custom_heading text=&#8220;Folgen Sie den neuen Artikeln in unserem Proshop&#8220; font_container=&#8220;tag:h3|text_align:center|color:%23ffd900&#8243; google_fonts=&#8220;font_family:Playfair%20Display%3Aregular%2Citalic%2C700%2C700italic%2C900%2C900italic|font_style:400%20regular%3A400%3Anormal&#8220;][vc_column_text]<span style=\"color: #ffffff;\">Der Pro-Shop verf\u00fcgt \u00fcber eine gro\u00dfe Auswahl an Golfartikeln der gr\u00f6\u00dften Golfmaterialhersteller und der besten Marken Golfbekleidung, &#8211; Schuhe und anderer Golfausr\u00fcstung.<\/span><\/p>\n<p><span style=\"color: #ffffff;\">Unser professionelles und golfbegeistertes Personal freut sich, Ihnen mit Rat und Expertise bei der Auswahl der Golfausr\u00fcstung f\u00fcr Ihren Golfaufentalt in Hammamet zur Seite zu stehen.<\/span><\/p>\n<p><span style=\"color: #ffffff;\">Hier finden Sie besondere Kollektionen der gro\u00dfen Golfmarken wie Lacoste, Puma oder Titleist. Besuchen Sie unseren ProShop im Clubhaus des Citrus Golf Clubs.<\/span>[\/vc_column_text][\/vc_column][vc_column width=&#8220;1\/3&#8243; css=&#8220;.vc_custom_1585838859528{margin-left: 20px !important;background-image: url(https:\/\/www.citrusgolfclub.com\/wp-content\/uploads\/2019\/12\/Bloc2.jpg?id=1011) !important;background-position: center !important;background-repeat: no-repeat !important;background-size: cover !important;}&#8220;][vc_empty_space height=&#8220;200&#8243;][vc_custom_heading text=&#8220;Restaurant Bar Tangerine&#8220; font_container=&#8220;tag:h3|text_align:center|color:%23ffd900&#8243; google_fonts=&#8220;font_family:Playfair%20Display%3Aregular%2Citalic%2C700%2C700italic%2C900%2C900italic|font_style:400%20regular%3A400%3Anormal&#8220;][vc_column_text]<span style=\"color: #ffffff;\">Der Innenraum des Restaurants Tangerine verf\u00fcgt \u00fcber 96 Sitzpl\u00e4tze und drei Terrassen mit einem unglaublichen Panoramablick \u00fcber den 45-Loch-Golf-Komplex. Ein idealer Ort f\u00fcr Cocktails<\/span>[\/vc_column_text][vc_empty_space height=&#8220;197&#8243;][\/vc_column][\/vc_row][vc_row][vc_column][vc_empty_space][\/vc_column][\/vc_row]\n<\/div>","protected":false},"excerpt":{"rendered":"<p>[vc_row][vc_column width=&#8220;1\/3&#8243;][vc_column_text]Das angenehme und gem\u00fctliche Clubhaus des Citrus Golf Clubs \u00f6ffnet jeden Tag von 07H00 bis 21H30 seine T\u00fcren f\u00fcr Sie. Sie k\u00f6nnen vor oder nach<span class=\"excerpt-hellip\"> [\u2026]<\/span><\/p>\n","protected":false},"author":1,"featured_media":0,"parent":0,"menu_order":0,"comment_status":"closed","ping_status":"closed","template":"","meta":{"footnotes":""},"class_list":["post-2752","page","type-page","status-publish","hentry"],"_links":{"self":[{"href":"https:\/\/www.citrusgolfclub.com\/de\/wp-json\/wp\/v2\/pages\/2752","targetHints":{"allow":["GET"]}}],"collection":[{"href":"https:\/\/www.citrusgolfclub.com\/de\/wp-json\/wp\/v2\/pages"}],"about":[{"href":"https:\/\/www.citrusgolfclub.com\/de\/wp-json\/wp\/v2\/types\/page"}],"author":[{"embeddable":true,"href":"https:\/\/www.citrusgolfclub.com\/de\/wp-json\/wp\/v2\/users\/1"}],"replies":[{"embeddable":true,"href":"https:\/\/www.citrusgolfclub.com\/de\/wp-json\/wp\/v2\/comments?post=2752"}],"version-history":[{"count":7,"href":"https:\/\/www.citrusgolfclub.com\/de\/wp-json\/wp\/v2\/pages\/2752\/revisions"}],"predecessor-version":[{"id":2759,"href":"https:\/\/www.citrusgolfclub.com\/de\/wp-json\/wp\/v2\/pages\/2752\/revisions\/2759"}],"wp:attachment":[{"href":"https:\/\/www.citrusgolfclub.com\/de\/wp-json\/wp\/v2\/media?parent=2752"}],"curies":[{"name":"wp","href":"https:\/\/api.w.org\/{rel}","templated":true}]}}