{"id":2761,"date":"2019-06-13T16:48:52","date_gmt":"2019-06-13T14:48:52","guid":{"rendered":"https:\/\/citrusgolfclub.com\/restaurant-et-bar\/"},"modified":"2020-11-27T16:49:45","modified_gmt":"2020-11-27T15:49:45","slug":"restaurant-bar","status":"publish","type":"page","link":"https:\/\/www.citrusgolfclub.com\/de\/restaurant-bar\/","title":{"rendered":"Restaurant &#038; Bar"},"content":{"rendered":"<div class=\"wpb-content-wrapper\"><p>[vc_row][vc_column width=&#8220;1\/2&#8243;][vc_row_inner][vc_column_inner width=&#8220;1\/2&#8243;][vc_custom_heading text=&#8220;Tangerine&#8220; font_container=&#8220;tag:h3|font_size:46|text_align:left|color:%23003852|line_height:1.3&#8243; google_fonts=&#8220;font_family:Playfair%20Display%3Aregular%2Citalic%2C700%2C700italic%2C900%2C900italic|font_style:400%20regular%3A400%3Anormal&#8220;][vc_single_image image=&#8220;806&#8243; img_size=&#8220;full&#8220;][\/vc_column_inner][vc_column_inner width=&#8220;1\/2&#8243;][vc_single_image image=&#8220;1447&#8243; img_size=&#8220;full&#8220; alignment=&#8220;right&#8220;][\/vc_column_inner][\/vc_row_inner][vc_column_text]Kommen Sie vor oder nach der Golfrunde auf dem \u00ab Les Oliviers \u00bb oder dem \u00ab La For\u00eat\u00bb in das angenehme Restaurant \u201eTangerine\u201c mit seiner Bar im Clubhaus.<\/p>\n<p>In angenehmer und entspannter Atmosph\u00e4re k\u00f6nnen Sie einen Drink an der Bar genie\u00dfen oder im Innenraum oder auf der Terrasse des Clubhaus-Restaurants gem\u00fctlich zu Mittag essen.<\/p>\n<p>Andere G\u00e4ste sind im Rahmen von Seminaren oder Gesch\u00e4ftsessen mittags wie abends auf Reservierung herzlich vom Team des Citrus Golf Clubs Willkommen.<\/p>\n<p>Der Innenraum des Restaurants Tangerine verf\u00fcgt \u00fcber 96 Sitzpl\u00e4tze und drei Terrassen mit einem unglaublichen Panoramablick \u00fcber den 45-Loch-Golf-Komplex. Ein idealer Ort f\u00fcr Cocktails, Weinabende, Galas und andere Festlichkeiten in Hammamet.<\/p>\n<p>Wir stehen Ihnen gerne und jederzeit f\u00fcr Ihre Reservierung oder weitere Fragen zu den Men\u00fcs und den Getr\u00e4nken an der Bar zur Verf\u00fcgung.[\/vc_column_text][\/vc_column][vc_column width=&#8220;1\/2&#8243;][vc_images_carousel images=&#8220;275,276,277,278&#8243; img_size=&#8220;full&#8220; speed=&#8220;3000&#8243; autoplay=&#8220;yes&#8220; hide_prev_next_buttons=&#8220;yes&#8220; wrap=&#8220;yes&#8220;][\/vc_column][\/vc_row][vc_row][vc_column width=&#8220;1\/3&#8243;]<div class=\"icon_box icon_position_top no_border\"><a class=\"\" href=\"https:\/\/www.citrusgolfclub.com\/wp-content\/uploads\/2020\/06\/menu-restaurant.pdf\"   title=\"\"><div class=\"icon_wrapper\"><div class=\"icon\"><i class=\"icon-food-line\" aria-hidden=\"true\"><\/i><\/div><\/div><div class=\"desc_wrapper\"><h4 class=\"title \">Menu Restaurant<\/h4><div class=\"desc\">Hier k\u00f6nnen Sie die Men\u00fckarte runterladen<\/div><\/div><\/a><\/div>\n[\/vc_column][vc_column width=&#8220;1\/3&#8243;]<div class=\"icon_box icon_position_top no_border\"><a class=\"\" href=\"https:\/\/www.citrusgolfclub.com\/wp-content\/uploads\/2020\/06\/Menu-Bar.pdf\"   title=\"\"><div class=\"icon_wrapper\"><div class=\"icon\"><i class=\"icon-fire-line\" aria-hidden=\"true\"><\/i><\/div><\/div><div class=\"desc_wrapper\"><h4 class=\"title \">Menu Bar<\/h4><div class=\"desc\">Consultez le Menu Bar<\/div><\/div><\/a><\/div>\n[\/vc_column][vc_column width=&#8220;1\/3&#8243;]<div class=\"icon_box icon_position_top no_border\"><div class=\"icon_wrapper\"><div class=\"icon\"><i class=\"icon-megaphone-line\" aria-hidden=\"true\"><\/i><\/div><\/div><div class=\"desc_wrapper\"><h4 class=\"title \">Offre de Location<\/h4><div class=\"desc\">Suivez nos offres pour Mariages et organisations d&#8217;\u00e9v\u00e9nements institutionnels<\/div><\/div><\/div>\n[\/vc_column][\/vc_row]<\/p>\n<\/div>","protected":false},"excerpt":{"rendered":"<p>[vc_row][vc_column width=&#8220;1\/2&#8243;][vc_row_inner][vc_column_inner width=&#8220;1\/2&#8243;][vc_custom_heading text=&#8220;Tangerine&#8220; font_container=&#8220;tag:h3|font_size:46|text_align:left|color:%23003852|line_height:1.3&#8243; google_fonts=&#8220;font_family:Playfair%20Display%3Aregular%2Citalic%2C700%2C700italic%2C900%2C900italic|font_style:400%20regular%3A400%3Anormal&#8220;][vc_single_image image=&#8220;806&#8243; img_size=&#8220;full&#8220;][\/vc_column_inner][vc_column_inner width=&#8220;1\/2&#8243;][vc_single_image image=&#8220;1447&#8243; img_size=&#8220;full&#8220; alignment=&#8220;right&#8220;][\/vc_column_inner][\/vc_row_inner][vc_column_text]Kommen Sie vor oder nach der Golfrunde auf dem \u00ab Les Oliviers \u00bb oder dem<span class=\"excerpt-hellip\"> [\u2026]<\/span><\/p>\n","protected":false},"author":1,"featured_media":0,"parent":0,"menu_order":0,"comment_status":"closed","ping_status":"closed","template":"","meta":{"footnotes":""},"class_list":["post-2761","page","type-page","status-publish","hentry"],"_links":{"self":[{"href":"https:\/\/www.citrusgolfclub.com\/de\/wp-json\/wp\/v2\/pages\/2761","targetHints":{"allow":["GET"]}}],"collection":[{"href":"https:\/\/www.citrusgolfclub.com\/de\/wp-json\/wp\/v2\/pages"}],"about":[{"href":"https:\/\/www.citrusgolfclub.com\/de\/wp-json\/wp\/v2\/types\/page"}],"author":[{"embeddable":true,"href":"https:\/\/www.citrusgolfclub.com\/de\/wp-json\/wp\/v2\/users\/1"}],"replies":[{"embeddable":true,"href":"https:\/\/www.citrusgolfclub.com\/de\/wp-json\/wp\/v2\/comments?post=2761"}],"version-history":[{"count":2,"href":"https:\/\/www.citrusgolfclub.com\/de\/wp-json\/wp\/v2\/pages\/2761\/revisions"}],"predecessor-version":[{"id":2762,"href":"https:\/\/www.citrusgolfclub.com\/de\/wp-json\/wp\/v2\/pages\/2761\/revisions\/2762"}],"wp:attachment":[{"href":"https:\/\/www.citrusgolfclub.com\/de\/wp-json\/wp\/v2\/media?parent=2761"}],"curies":[{"name":"wp","href":"https:\/\/api.w.org\/{rel}","templated":true}]}}