{"id":2765,"date":"2020-04-01T20:42:34","date_gmt":"2020-04-01T18:42:34","guid":{"rendered":"https:\/\/citrusgolfclub.com\/proshop-2\/"},"modified":"2020-11-27T16:55:27","modified_gmt":"2020-11-27T15:55:27","slug":"proshop-2","status":"publish","type":"page","link":"https:\/\/www.citrusgolfclub.com\/de\/proshop-2\/","title":{"rendered":"Proshop"},"content":{"rendered":"<div class=\"wpb-content-wrapper\">[vc_row][vc_column width=&#8220;1\/2&#8243;][vc_row_inner][vc_column_inner][vc_custom_heading text=&#8220;Proshop&#8220; font_container=&#8220;tag:h3|font_size:46|text_align:left|color:%23003852|line_height:1.3&#8243; google_fonts=&#8220;font_family:Playfair%20Display%3Aregular%2Citalic%2C700%2C700italic%2C900%2C900italic|font_style:400%20regular%3A400%3Anormal&#8220;][vc_single_image image=&#8220;806&#8243; img_size=&#8220;full&#8220;][\/vc_column_inner][\/vc_row_inner][vc_column_text]Unser Proshop ist das ganze Jahr \u00fcber ge\u00f6ffnet und bietet Ihnen eine gro\u00dfe Auswahl an Golfartikeln an: Golfschl\u00e4ger, Golfbags, Trolleys, B\u00e4lle, Handschuhe, Tees\u2026.<\/p>\n<p>Die Schuh- und Kleidungskollektion bester Golfmarken wird jede Saison neu aufgestellt.<\/p>\n<p>Hier finden Sie eine ganze Reihe Golfbekleidung sowie eine gro\u00dfe Auswahl an Artikeln, die mit dem Logo des \u00ab Citrus Golf Clubs \u00bb versehen sind. Ein ideales Geschenk oder Souvenir von Ihrem Aufenthalt auf unseren Golfpl\u00e4tzen[\/vc_column_text][\/vc_column][vc_column width=&#8220;1\/2&#8243;][vc_images_carousel images=&#8220;1521,1522,1523,1524&#8243; img_size=&#8220;full&#8220; speed=&#8220;3000&#8243; autoplay=&#8220;yes&#8220; hide_prev_next_buttons=&#8220;yes&#8220; wrap=&#8220;yes&#8220;][\/vc_column][\/vc_row][vc_row][vc_column][vc_custom_heading text=&#8220;Unsere Marken&#8220; font_container=&#8220;tag:h3|font_size:46|text_align:center|color:%23003852|line_height:1.3&#8243; google_fonts=&#8220;font_family:Playfair%20Display%3Aregular%2Citalic%2C700%2C700italic%2C900%2C900italic|font_style:400%20regular%3A400%3Anormal&#8220;][vc_single_image image=&#8220;806&#8243; img_size=&#8220;full&#8220; alignment=&#8220;center&#8220;][vc_images_carousel images=&#8220;1539,1540,1541,1542,1543,1544,1545,1546&#8243; img_size=&#8220;full&#8220; slides_per_view=&#8220;4&#8243; autoplay=&#8220;yes&#8220; hide_pagination_control=&#8220;yes&#8220; wrap=&#8220;yes&#8220;][\/vc_column][\/vc_row]\n<\/div>","protected":false},"excerpt":{"rendered":"<p>[vc_row][vc_column width=&#8220;1\/2&#8243;][vc_row_inner][vc_column_inner][vc_custom_heading text=&#8220;Proshop&#8220; font_container=&#8220;tag:h3|font_size:46|text_align:left|color:%23003852|line_height:1.3&#8243; google_fonts=&#8220;font_family:Playfair%20Display%3Aregular%2Citalic%2C700%2C700italic%2C900%2C900italic|font_style:400%20regular%3A400%3Anormal&#8220;][vc_single_image image=&#8220;806&#8243; img_size=&#8220;full&#8220;][\/vc_column_inner][\/vc_row_inner][vc_column_text]Unser Proshop ist das ganze Jahr \u00fcber ge\u00f6ffnet und bietet Ihnen eine gro\u00dfe Auswahl an Golfartikeln an: Golfschl\u00e4ger, Golfbags, Trolleys,<span class=\"excerpt-hellip\"> [\u2026]<\/span><\/p>\n","protected":false},"author":1,"featured_media":0,"parent":0,"menu_order":0,"comment_status":"closed","ping_status":"closed","template":"","meta":{"footnotes":""},"class_list":["post-2765","page","type-page","status-publish","hentry"],"_links":{"self":[{"href":"https:\/\/www.citrusgolfclub.com\/de\/wp-json\/wp\/v2\/pages\/2765","targetHints":{"allow":["GET"]}}],"collection":[{"href":"https:\/\/www.citrusgolfclub.com\/de\/wp-json\/wp\/v2\/pages"}],"about":[{"href":"https:\/\/www.citrusgolfclub.com\/de\/wp-json\/wp\/v2\/types\/page"}],"author":[{"embeddable":true,"href":"https:\/\/www.citrusgolfclub.com\/de\/wp-json\/wp\/v2\/users\/1"}],"replies":[{"embeddable":true,"href":"https:\/\/www.citrusgolfclub.com\/de\/wp-json\/wp\/v2\/comments?post=2765"}],"version-history":[{"count":2,"href":"https:\/\/www.citrusgolfclub.com\/de\/wp-json\/wp\/v2\/pages\/2765\/revisions"}],"predecessor-version":[{"id":2767,"href":"https:\/\/www.citrusgolfclub.com\/de\/wp-json\/wp\/v2\/pages\/2765\/revisions\/2767"}],"wp:attachment":[{"href":"https:\/\/www.citrusgolfclub.com\/de\/wp-json\/wp\/v2\/media?parent=2765"}],"curies":[{"name":"wp","href":"https:\/\/api.w.org\/{rel}","templated":true}]}}