{"id":2769,"date":"2019-06-13T18:04:26","date_gmt":"2019-06-13T16:04:26","guid":{"rendered":"https:\/\/citrusgolfclub.com\/golf-academie\/"},"modified":"2020-12-01T16:56:19","modified_gmt":"2020-12-01T15:56:19","slug":"golfakademie","status":"publish","type":"page","link":"https:\/\/www.citrusgolfclub.com\/de\/golfakademie\/","title":{"rendered":"Golfakademie"},"content":{"rendered":"<div class=\"wpb-content-wrapper\"><p>[vc_row][vc_column][vc_empty_space height=&#8220;20&#8243;][vc_custom_heading text=&#8220;Golfakademie&#8220; font_container=&#8220;tag:h3|font_size:46|text_align:center|color:%23003852|line_height:1.3&#8243; google_fonts=&#8220;font_family:Playfair%20Display%3Aregular%2Citalic%2C700%2C700italic%2C900%2C900italic|font_style:400%20regular%3A400%3Anormal&#8220;][vc_single_image image=&#8220;806&#8243; img_size=&#8220;full&#8220; alignment=&#8220;center&#8220;][vc_custom_heading text=&#8220;Citrus Golfakademie : Golf f\u00fcr Anf\u00e4nger und f\u00fcr Fortgeschrittene&#8220; font_container=&#8220;tag:h3|text_align:center|color:%239e9e9e&#8220; google_fonts=&#8220;font_family:Great%20Vibes%3Aregular|font_style:400%20regular%3A400%3Anormal&#8220; css=&#8220;.vc_custom_1606494118962{margin-top: -30px !important;}&#8220;][vc_column_text]<\/p>\n<p style=\"text-align: center;\">Im Herzen des Citrus Golf Clubs liegt unser Trainingszentrum: eine 350 m lange Driving Range mit 120 Abschlagmatten, ein 9-Loch-Exectuive-\u00dcbungsplatz Par 28 (1221 m), f\u00fcnf Putting-Greens, f\u00fcnf Chipping &amp; Pitching Green und \u00dcbungsbunker. Unsere Golfunterrichtseinheit ist einzigartig in Tunesien und erm\u00f6glicht allen, diese feine Kunst der Konzentration und der Pr\u00e4zision zu erlernen. Die Pl\u00e4tze sind den jeweiligen Spielerniveaus angepasst, vom Anf\u00e4nger bis zu versierten Golfern.<\/p>\n<p>[\/vc_column_text][\/vc_column][\/vc_row][vc_row disable_element=&#8220;yes&#8220;][vc_column width=&#8220;1\/3&#8243;][vc_single_image image=&#8220;288&#8243; img_size=&#8220;full&#8220;][vc_column_text]<\/p>\n<h4 style=\"text-align: center;\"><span style=\"color: #33cccc;\">L\u2019\u00e9quipe Pro PGAT<\/span><\/h4>\n<p style=\"text-align: center;\">Venez perfectionner votre Swing, Putting, Chipping ou encore votre Pitching, avec nos professionnels multilingues affili\u00e9s \u00e0 la PGA\u00a0&#8230;<\/p>\n<p>[\/vc_column_text][vc_btn title=&#8220;En Savoir +&#8220; shape=&#8220;square&#8220; color=&#8220;turquoise&#8220; size=&#8220;sm&#8220; align=&#8220;center&#8220; link=&#8220;url:http%3A%2F%2Fwww.citrusgolfclub.com%2Flequipe-pro-pgat%2F|title:L%E2%80%99%C3%A9quipe%20Pro%20PGAT|target:%20_blank|&#8220;][\/vc_column][vc_column width=&#8220;1\/3&#8243;][vc_single_image image=&#8220;290&#8243; img_size=&#8220;full&#8220;][vc_column_text]<\/p>\n<h4 style=\"text-align: center;\"><span style=\"color: #33cccc;\">Stages, Le\u00e7ons et Tarifs<\/span><\/h4>\n<p style=\"text-align: center;\">Une acad\u00e9mie de Golf avec plusieurs vari\u00e9t\u00e9s de stages dirig\u00e9e par des professionnels chevronn\u00e9s et multilingues&#8230;<\/p>\n<p>[\/vc_column_text][vc_btn title=&#8220;En Savoir +&#8220; shape=&#8220;square&#8220; color=&#8220;turquoise&#8220; size=&#8220;sm&#8220; align=&#8220;center&#8220; link=&#8220;url:http%3A%2F%2Fwww.citrusgolfclub.com%2Fstages-lecons-et-tarifs%2F|title:Stages%2C%20le%C3%A7ons%20et%20Tarifs|target:%20_blank|&#8220;][\/vc_column][vc_column width=&#8220;1\/3&#8243;][vc_single_image image=&#8220;291&#8243; img_size=&#8220;full&#8220;][vc_column_text]<\/p>\n<h4 style=\"text-align: center;\"><span style=\"color: #33cccc;\">Parcours l\u2019Ex\u00e9cutif<\/span><\/h4>\n<p style=\"text-align: center;\">Le parcours l\u2019ex\u00e9cutif fait partie des trois parcours de Golf qui constitue le complexe golfique Golf Citrus Hammamet &#8230;<\/p>\n<p>[\/vc_column_text][vc_btn title=&#8220;En Savoir +&#8220; shape=&#8220;square&#8220; color=&#8220;turquoise&#8220; size=&#8220;sm&#8220; align=&#8220;center&#8220; link=&#8220;url:http%3A%2F%2Fwww.citrusgolfclub.com%2Fparcours-lexecutif%2F|title:Parcours%20l%E2%80%99Ex%C3%A9cutif|target:%20_blank|&#8220;][\/vc_column][\/vc_row][vc_row][vc_column width=&#8220;1\/3&#8243;][vc_row_inner css=&#8220;.vc_custom_1576224571683{background-image: url(https:\/\/www.citrusgolfclub.com\/wp-content\/uploads\/2019\/12\/Bloc4.jpg?id=1035) !important;background-position: center !important;background-repeat: no-repeat !important;background-size: cover !important;}&#8220;][vc_column_inner][vc_empty_space height=&#8220;220&#8243;][vc_custom_heading text=&#8220;Das PGAT Pro Team&#8220; font_container=&#8220;tag:h3|text_align:center|color:%23ffd900&#8243; google_fonts=&#8220;font_family:Playfair%20Display%3Aregular%2Citalic%2C700%2C700italic%2C900%2C900italic|font_style:400%20regular%3A400%3Anormal&#8220; link=&#8220;url:https%3A%2F%2Fwww.citrusgolfclub.com%2Fde%2Fdas-pgat-pro-team%2F|title:Das%20PGAT%20Pro%20Team|target:_blank&#8220;][vc_column_text]<span style=\"color: #ffffff;\">Verbessern Sie mit unseren mehrsprachigen Pros (sie sind alle Mitglieder der PGA) Ihren Swing, Ihr Putten, Chippen oder Pitchen.<\/span>[\/vc_column_text][vc_empty_space height=&#8220;225&#8243;][\/vc_column_inner][\/vc_row_inner][\/vc_column][vc_column width=&#8220;1\/3&#8243;][vc_row_inner css=&#8220;.vc_custom_1576225053363{margin-left: 5px !important;background-image: url(https:\/\/www.citrusgolfclub.com\/wp-content\/uploads\/2019\/12\/Bloc5-1.jpg?id=1046) !important;background-position: center !important;background-repeat: no-repeat !important;background-size: cover !important;}&#8220;][vc_column_inner][vc_empty_space height=&#8220;220&#8243;][vc_custom_heading text=&#8220;Kurse, Trainingseinheiten und Tarife&#8220; font_container=&#8220;tag:h3|text_align:center|color:%23ffd900&#8243; google_fonts=&#8220;font_family:Playfair%20Display%3Aregular%2Citalic%2C700%2C700italic%2C900%2C900italic|font_style:400%20regular%3A400%3Anormal&#8220; link=&#8220;url:https%3A%2F%2Fwww.citrusgolfclub.com%2Fde%2Fkurse-trainingseinheiten-und-tarife%2F|title:kurse&#8220;][vc_column_text]<span style=\"color: #ffffff;\">Unsere Golfakademie bietet eine Vielzahl an Kursen unter der Leitung erfahrener und mehrsprachiger Pros.<\/span>[\/vc_column_text][vc_empty_space height=&#8220;220&#8243;][\/vc_column_inner][\/vc_row_inner][\/vc_column][vc_column width=&#8220;1\/3&#8243;][vc_row_inner css=&#8220;.vc_custom_1576226189835{margin-left: 5px !important;background-image: url(https:\/\/www.citrusgolfclub.com\/wp-content\/uploads\/2019\/12\/Bloc6.jpg?id=1050) !important;background-position: center !important;background-repeat: no-repeat !important;background-size: cover !important;}&#8220;][vc_column_inner][vc_empty_space height=&#8220;220&#8243;][vc_custom_heading text=&#8220;Executive Platz&#8220; font_container=&#8220;tag:h3|text_align:center|color:%23ffd900&#8243; google_fonts=&#8220;font_family:Playfair%20Display%3Aregular%2Citalic%2C700%2C700italic%2C900%2C900italic|font_style:400%20regular%3A400%3Anormal&#8220; link=&#8220;url:https%3A%2F%2Fwww.citrusgolfclub.com%2Fde%2Fder-executive-platz%2F|title:Executive-Platz|target:_blank&#8220;][vc_column_text]<span style=\"color: #ffffff;\">Der Executive Platz geh\u00f6rt zu den drei Golfpl\u00e4tzen des Golfkomplex Citrus Golf Club in Hammamet<\/span>[\/vc_column_text][vc_empty_space height=&#8220;250&#8243;][\/vc_column_inner][\/vc_row_inner][\/vc_column][\/vc_row]<\/p>\n<\/div>","protected":false},"excerpt":{"rendered":"<p>[vc_row][vc_column][vc_empty_space height=&#8220;20&#8243;][vc_custom_heading text=&#8220;Golfakademie&#8220; font_container=&#8220;tag:h3|font_size:46|text_align:center|color:%23003852|line_height:1.3&#8243; google_fonts=&#8220;font_family:Playfair%20Display%3Aregular%2Citalic%2C700%2C700italic%2C900%2C900italic|font_style:400%20regular%3A400%3Anormal&#8220;][vc_single_image image=&#8220;806&#8243; img_size=&#8220;full&#8220; alignment=&#8220;center&#8220;][vc_custom_heading text=&#8220;Citrus Golfakademie : Golf f\u00fcr Anf\u00e4nger und f\u00fcr Fortgeschrittene&#8220; font_container=&#8220;tag:h3|text_align:center|color:%239e9e9e&#8220; google_fonts=&#8220;font_family:Great%20Vibes%3Aregular|font_style:400%20regular%3A400%3Anormal&#8220; css=&#8220;.vc_custom_1606494118962{margin-top: -30px !important;}&#8220;][vc_column_text] Im Herzen des Citrus<span class=\"excerpt-hellip\"> [\u2026]<\/span><\/p>\n","protected":false},"author":1,"featured_media":0,"parent":0,"menu_order":0,"comment_status":"closed","ping_status":"closed","template":"","meta":{"footnotes":""},"class_list":["post-2769","page","type-page","status-publish","hentry"],"_links":{"self":[{"href":"https:\/\/www.citrusgolfclub.com\/de\/wp-json\/wp\/v2\/pages\/2769","targetHints":{"allow":["GET"]}}],"collection":[{"href":"https:\/\/www.citrusgolfclub.com\/de\/wp-json\/wp\/v2\/pages"}],"about":[{"href":"https:\/\/www.citrusgolfclub.com\/de\/wp-json\/wp\/v2\/types\/page"}],"author":[{"embeddable":true,"href":"https:\/\/www.citrusgolfclub.com\/de\/wp-json\/wp\/v2\/users\/1"}],"replies":[{"embeddable":true,"href":"https:\/\/www.citrusgolfclub.com\/de\/wp-json\/wp\/v2\/comments?post=2769"}],"version-history":[{"count":12,"href":"https:\/\/www.citrusgolfclub.com\/de\/wp-json\/wp\/v2\/pages\/2769\/revisions"}],"predecessor-version":[{"id":2810,"href":"https:\/\/www.citrusgolfclub.com\/de\/wp-json\/wp\/v2\/pages\/2769\/revisions\/2810"}],"wp:attachment":[{"href":"https:\/\/www.citrusgolfclub.com\/de\/wp-json\/wp\/v2\/media?parent=2769"}],"curies":[{"name":"wp","href":"https:\/\/api.w.org\/{rel}","templated":true}]}}