{"id":2786,"date":"2019-06-22T15:03:18","date_gmt":"2019-06-22T13:03:18","guid":{"rendered":"https:\/\/citrusgolfclub.com\/nos-partenaires\/"},"modified":"2020-11-28T17:33:41","modified_gmt":"2020-11-28T16:33:41","slug":"unsere-internationalen-partner","status":"publish","type":"page","link":"https:\/\/www.citrusgolfclub.com\/de\/unsere-internationalen-partner\/","title":{"rendered":"Unsere internationalen Partner"},"content":{"rendered":"<div class=\"wpb-content-wrapper\">[vc_row][vc_column width=&#8220;1\/4&#8243;][vc_custom_heading text=&#8220;IAGTO&#8220; font_container=&#8220;tag:h4|text_align:center|color:%23038583&#8243; google_fonts=&#8220;font_family:Playfair%20Display%3Aregular%2Citalic%2C700%2C700italic%2C900%2C900italic|font_style:400%20regular%3A400%3Anormal&#8220; link=&#8220;url:http%3A%2F%2Fwww.iagto.com%2F||target:%20_blank|&#8220;][vc_single_image image=&#8220;417&#8243; img_size=&#8220;full&#8220; alignment=&#8220;center&#8220;][vc_column_text css=&#8220;.vc_custom_1561208595290{margin-top: -30px !important;}&#8220;]\n<p style=\"text-align: justify;\">Le Golf Citrus est membre de l&#8217;IAGTO qui est une association rassemblant tous les professionnels impliqu\u00e9s dans l&#8217;industrie du tourisme golfique. Cette association oeuvre concr\u00e8tement au bon d\u00e9veloppement du golf et du tourisme golfique \u00e0 travers le monde et tous ses membres en y adh\u00e9rant, s&#8217;engagent \u00e0 respecter une charte de qualit\u00e9.<\/p>\n[\/vc_column_text][\/vc_column][vc_column width=&#8220;1\/4&#8243;][vc_custom_heading text=&#8220;German Golf Academy&#8220; font_container=&#8220;tag:h4|text_align:center|color:%23038583&#8243; google_fonts=&#8220;font_family:Playfair%20Display%3Aregular%2Citalic%2C700%2C700italic%2C900%2C900italic|font_style:400%20regular%3A400%3Anormal&#8220; link=&#8220;url:http%3A%2F%2Fwww.germangolfacademy.de%2Fcms%2FGolfschule-Hammamet-Tunesien%2F4649.html||target:%20_blank|&#8220;][vc_single_image image=&#8220;419&#8243; img_size=&#8220;full&#8220; alignment=&#8220;center&#8220;][vc_column_text css=&#8220;.vc_custom_1606581018177{margin-top: -30px !important;}&#8220;]\n<p style=\"text-align: justify;\">Die GGA ist eine anerkannte deutsche Golfakademie, die auch im Citrus Golf Club in Hammamet eine Niederlassung hat: zwei lokale Golfpros repr\u00e4sentieren die Akademie und unterrichten die GGA-Kurse. Deutsche k\u00f6nnen ihre Platzreife (gr\u00fcne Karte) f\u00fcr die verschiedenen Golfpl\u00e4tze in Deutschland im Citrus Golf Club absolvieren. Nach der Pr\u00fcfung erhalten sie ein Zertifikat, das Ihnen erm\u00f6glicht, ihre gr\u00fcne Karte in Deutschland zu erhalten.<\/p>\n[\/vc_column_text][\/vc_column][vc_column width=&#8220;1\/4&#8243;][vc_custom_heading text=&#8220;Elso Bandiera landscape &amp; greenarchitecture&#8220; font_container=&#8220;tag:h4|text_align:center|color:%23038583&#8243; google_fonts=&#8220;font_family:Playfair%20Display%3Aregular%2Citalic%2C700%2C700italic%2C900%2C900italic|font_style:400%20regular%3A400%3Anormal&#8220; link=&#8220;url:http%3A%2F%2Fwww.elsobandiera.com%2F||target:%20_blank|&#8220;][vc_single_image image=&#8220;421&#8243; img_size=&#8220;full&#8220; alignment=&#8220;center&#8220;][vc_column_text css=&#8220;.vc_custom_1561208854254{margin-top: -30px !important;}&#8220;]\n<p style=\"text-align: justify;\">EUROPEAN GARDEN DESIGN &#8211; Le Golf Citrus a entrepris depuis plus de trois ans l\u2019am\u00e9lioration du paysage des deux parcours (La for\u00eat \u2013 Les Oliviers), sans les d\u00e9naturer, ce travail est effectu\u00e9 en concordance avec l&#8217;entreprise paysagistique EGD, sous la houlette de son directeur\/paysagiste Elso Bandiera<\/p>\n[\/vc_column_text][\/vc_column][vc_column width=&#8220;1\/4&#8243;][vc_custom_heading text=&#8220;F\u00e9d\u00e9ration Tunisienne de GOLF&#8220; font_container=&#8220;tag:h4|text_align:center|color:%23038583&#8243; google_fonts=&#8220;font_family:Playfair%20Display%3Aregular%2Citalic%2C700%2C700italic%2C900%2C900italic|font_style:400%20regular%3A400%3Anormal&#8220; link=&#8220;url:http%3A%2F%2Fwww.ftg.org.tn%2F||target:%20_blank|&#8220;][vc_single_image image=&#8220;422&#8243; img_size=&#8220;full&#8220; alignment=&#8220;center&#8220;][vc_column_text css=&#8220;.vc_custom_1561209780526{margin-top: -30px !important;}&#8220;]\n<p style=\"text-align: justify;\">F\u00e9d\u00e9ration Tunisienne de Golf a pour objectifs\u00a0:<\/p>\n<p style=\"text-align: justify;\">D\u00e9veloppement de la pratique du golf \u00e0 l\u2019\u00e9chelle nationale, et ce, \u00e0 travers l\u2019accroissement du nombre des licenci\u00e9s ainsi que du nombre des parcours.<\/p>\n<p style=\"text-align: justify;\">L\u2019organisation d\u2019un championnat national cr\u00e9dible \u00e0 travers une gestion rigoureuse des aspects techniques (gestion des handicaps, arbitrage, etc\u2026)<\/p>\n<p style=\"text-align: justify;\">Un encadrement et une mise en valeur de l\u2019\u00e9lite sportive.<\/p>\n<p style=\"text-align: justify;\">D\u00e9veloppement avec les f\u00e9d\u00e9rations \u00e9trang\u00e8res, \u00e0 savoir : Le Royal &amp; Ancient St Andrews, la F\u00e9d\u00e9ration Fran\u00e7aise de Golf, la F\u00e9d\u00e9ration M\u00e9diterran\u00e9enne de Golf, ainsi que sur le plan national.<\/p>\n<p style=\"text-align: justify;\">Mise en place d\u2019un programme rigoureux et ambitieux pour l\u2019\u00e9lite nationale adulte et jeune pour une meilleure repr\u00e9sentation de notre pays dans les comp\u00e9titions internationales.<\/p>\n<p style=\"text-align: justify;\">La promotion et le d\u00e9veloppement du golf dans le milieu scolaire.<\/p>\n<p style=\"text-align: justify;\">La promotion du golf au niveau des adultes pour l\u2019accroissement des journ\u00e9es \u00ab portes ouvertes \u00bb et les tournois \u00e0 travers les associations sportives<\/p>\n[\/vc_column_text][\/vc_column][\/vc_row][vc_row full_width=&#8220;stretch_row&#8220;][vc_column width=&#8220;1\/4&#8243;][vc_custom_heading text=&#8220;Golf Fee Card&#8220; font_container=&#8220;tag:h4|text_align:center|color:%23038583&#8243; google_fonts=&#8220;font_family:Playfair%20Display%3Aregular%2Citalic%2C700%2C700italic%2C900%2C900italic|font_style:400%20regular%3A400%3Anormal&#8220; link=&#8220;url:http%3A%2F%2Fwww.golfcard.de%2F||target:%20_blank|&#8220;][vc_single_image image=&#8220;424&#8243; img_size=&#8220;full&#8220; alignment=&#8220;center&#8220;][vc_column_text css=&#8220;.vc_custom_1561209254104{margin-top: -30px !important;}&#8220;]\n<p style=\"text-align: justify;\">Le Golf Citrus est partenaire du r\u00e9seau Golf Fee Card et propose une r\u00e9duction \u00e0 ses membres sur le Green Fee pay\u00e9 \u00e0 la r\u00e9ception du Golf sur pr\u00e9sentation d&#8217;une carte valide<\/p>\n[\/vc_column_text][\/vc_column][vc_column width=&#8220;1\/4&#8243;][vc_custom_heading text=&#8220;Golfy&#8220; font_container=&#8220;tag:h4|text_align:center|color:%23038583&#8243; google_fonts=&#8220;font_family:Playfair%20Display%3Aregular%2Citalic%2C700%2C700italic%2C900%2C900italic|font_style:400%20regular%3A400%3Anormal&#8220; link=&#8220;url:http%3A%2F%2Fwww.golfy.fr%2F||target:%20_blank|&#8220;][vc_single_image image=&#8220;426&#8243; img_size=&#8220;full&#8220; alignment=&#8220;center&#8220;][vc_column_text css=&#8220;.vc_custom_1561209347135{margin-top: -30px !important;}&#8220;]\n<p style=\"text-align: justify;\">Le Golf Citrus est partenaire du r\u00e9seau Golfy et propose une r\u00e9duction \u00e0 ses membres sur le Green Fee pay\u00e9 \u00e0 la r\u00e9ception du Golf sur pr\u00e9sentation d&#8217;une carte valide.<\/p>\n[\/vc_column_text][\/vc_column][vc_column width=&#8220;1\/4&#8243;][vc_custom_heading text=&#8220;LIC&#8220; font_container=&#8220;tag:h4|text_align:center|color:%23038583&#8243; google_fonts=&#8220;font_family:Playfair%20Display%3Aregular%2Citalic%2C700%2C700italic%2C900%2C900italic|font_style:400%20regular%3A400%3Anormal&#8220; link=&#8220;url:http%3A%2F%2Fwww.lic24.de%2F||target:%20_blank|&#8220;][vc_single_image image=&#8220;427&#8243; img_size=&#8220;full&#8220; alignment=&#8220;center&#8220;][vc_column_text css=&#8220;.vc_custom_1561209417125{margin-top: -30px !important;}&#8220;]\n<p style=\"text-align: justify;\">Le Golf Citrus est partenaire du r\u00e9seau LIC Ladies International Card et propose une r\u00e9duction \u00e0 ses membres sur le Green Fee pay\u00e9 \u00e0 la r\u00e9ception du Golf sur pr\u00e9sentation d&#8217;une carte valide<\/p>\n[\/vc_column_text][\/vc_column][vc_column width=&#8220;1\/4&#8243;][vc_custom_heading text=&#8220;Opus Golf&#8220; font_container=&#8220;tag:h4|text_align:center|color:%23038583&#8243; google_fonts=&#8220;font_family:Playfair%20Display%3Aregular%2Citalic%2C700%2C700italic%2C900%2C900italic|font_style:400%20regular%3A400%3Anormal&#8220; link=&#8220;url:http%3A%2F%2Fwww.opus-golf.com%2FGolfs00065||target:%20_blank|&#8220;][vc_single_image image=&#8220;428&#8243; img_size=&#8220;full&#8220; alignment=&#8220;center&#8220;][vc_column_text css=&#8220;.vc_custom_1561209536264{margin-top: -30px !important;}&#8220;]Retrouvez tous vos voyages avec Golf Autour du Monde[\/vc_column_text][\/vc_column][\/vc_row]\n<\/div>","protected":false},"excerpt":{"rendered":"<p>[vc_row][vc_column width=&#8220;1\/4&#8243;][vc_custom_heading text=&#8220;IAGTO&#8220; font_container=&#8220;tag:h4|text_align:center|color:%23038583&#8243; google_fonts=&#8220;font_family:Playfair%20Display%3Aregular%2Citalic%2C700%2C700italic%2C900%2C900italic|font_style:400%20regular%3A400%3Anormal&#8220; link=&#8220;url:http%3A%2F%2Fwww.iagto.com%2F||target:%20_blank|&#8220;][vc_single_image image=&#8220;417&#8243; img_size=&#8220;full&#8220; alignment=&#8220;center&#8220;][vc_column_text css=&#8220;.vc_custom_1561208595290{margin-top: -30px !important;}&#8220;] Le Golf Citrus est membre de l&#8217;IAGTO qui est une association rassemblant tous les<span class=\"excerpt-hellip\"> [\u2026]<\/span><\/p>\n","protected":false},"author":1,"featured_media":0,"parent":0,"menu_order":0,"comment_status":"closed","ping_status":"closed","template":"","meta":{"footnotes":""},"class_list":["post-2786","page","type-page","status-publish","hentry"],"_links":{"self":[{"href":"https:\/\/www.citrusgolfclub.com\/de\/wp-json\/wp\/v2\/pages\/2786","targetHints":{"allow":["GET"]}}],"collection":[{"href":"https:\/\/www.citrusgolfclub.com\/de\/wp-json\/wp\/v2\/pages"}],"about":[{"href":"https:\/\/www.citrusgolfclub.com\/de\/wp-json\/wp\/v2\/types\/page"}],"author":[{"embeddable":true,"href":"https:\/\/www.citrusgolfclub.com\/de\/wp-json\/wp\/v2\/users\/1"}],"replies":[{"embeddable":true,"href":"https:\/\/www.citrusgolfclub.com\/de\/wp-json\/wp\/v2\/comments?post=2786"}],"version-history":[{"count":3,"href":"https:\/\/www.citrusgolfclub.com\/de\/wp-json\/wp\/v2\/pages\/2786\/revisions"}],"predecessor-version":[{"id":2789,"href":"https:\/\/www.citrusgolfclub.com\/de\/wp-json\/wp\/v2\/pages\/2786\/revisions\/2789"}],"wp:attachment":[{"href":"https:\/\/www.citrusgolfclub.com\/de\/wp-json\/wp\/v2\/media?parent=2786"}],"curies":[{"name":"wp","href":"https:\/\/api.w.org\/{rel}","templated":true}]}}