{"id":2795,"date":"2019-06-16T16:43:19","date_gmt":"2019-06-16T14:43:19","guid":{"rendered":"https:\/\/citrusgolfclub.com\/parcours-lexecutif\/"},"modified":"2020-11-28T17:43:59","modified_gmt":"2020-11-28T16:43:59","slug":"der-executive-platz","status":"publish","type":"page","link":"https:\/\/www.citrusgolfclub.com\/de\/der-executive-platz\/","title":{"rendered":"Der Executive-Platz"},"content":{"rendered":"<div class=\"wpb-content-wrapper\">[vc_row][vc_column width=&#8220;1\/2&#8243;][vc_custom_heading text=&#8220;Der Executive-Platz&#8220; font_container=&#8220;tag:h3|font_size:46|text_align:left|color:%23003852|line_height:1.3&#8243; google_fonts=&#8220;font_family:Playfair%20Display%3Aregular%2Citalic%2C700%2C700italic%2C900%2C900italic|font_style:400%20regular%3A400%3Anormal&#8220;][vc_single_image image=&#8220;806&#8243; img_size=&#8220;full&#8220;][vc_custom_heading text=&#8220;Lernen Sie und verfeinern Sie Ihr Golfspiel auf dem Executive-Platz&#8220; font_container=&#8220;tag:h3|text_align:left|color:%239e9e9e&#8220; google_fonts=&#8220;font_family:Great%20Vibes%3Aregular|font_style:400%20regular%3A400%3Anormal&#8220; css=&#8220;.vc_custom_1606581785921{margin-top: -30px !important;}&#8220;][vc_column_text]Der Executive-Platz geh\u00f6rt zu den drei Pl\u00e4tzen des Golfkomplexes Citrus Golf Club in Hammamet. Dieser Trainings-und Perfektionierungsbereich umfasst 15 Hektar und verf\u00fcgt \u00fcber mehrere Putting-Greens, Pitching-Greens und \u00dcbungsbunker sowie einer 350 Meter langen Driving-Range mit doppelten Abschlagm\u00f6glichkeiten und 120 Abschlagmatten.<\/p>\n<p>Der 9-Loch Lern-Platz par 28 umfasst ein Trainingsterrain mit einer L\u00e4nger von 1221 Metern (acht par 3 und ein par 4). Der Platz ist besonders gut mit Greens, Wasserhindernisse und Bunkern ausgestattet, um Ihnen zu erm\u00f6glichen, das Golfspiel in Tunesien zu lernen und Ihnen die besten Fortschritte zu garantieren.<\/p>\n<p>Der Executive-Platz ist f\u00fcr versierte Spieler geeignet, die ihr Spiel perfektionieren m\u00f6chten, aber auch f\u00fcr Anf\u00e4nger, die einen Anf\u00e4ngerkurs mit unseren PGAT Pros machen k\u00f6nnen.[\/vc_column_text][vc_btn title=&#8220;Score Card&#8220; style=&#8220;classic&#8220; shape=&#8220;square&#8220; color=&#8220;turquoise&#8220; size=&#8220;sm&#8220; align=&#8220;center&#8220; link=&#8220;url:https%3A%2F%2Fwww.citrusgolfclub.com%2Fwp-content%2Fuploads%2F2020%2F04%2Fexecutif_scorecard.pdf|title:Score%20card%20l&#8217;ex%C3%A9cutif|target:%20_blank|&#8220;][\/vc_column][vc_column width=&#8220;1\/2&#8243;][vc_single_image image=&#8220;296&#8243; img_size=&#8220;full&#8220;][\/vc_column][\/vc_row]\n<\/div>","protected":false},"excerpt":{"rendered":"<p>[vc_row][vc_column width=&#8220;1\/2&#8243;][vc_custom_heading text=&#8220;Der Executive-Platz&#8220; font_container=&#8220;tag:h3|font_size:46|text_align:left|color:%23003852|line_height:1.3&#8243; google_fonts=&#8220;font_family:Playfair%20Display%3Aregular%2Citalic%2C700%2C700italic%2C900%2C900italic|font_style:400%20regular%3A400%3Anormal&#8220;][vc_single_image image=&#8220;806&#8243; img_size=&#8220;full&#8220;][vc_custom_heading text=&#8220;Lernen Sie und verfeinern Sie Ihr Golfspiel auf dem Executive-Platz&#8220; font_container=&#8220;tag:h3|text_align:left|color:%239e9e9e&#8220; google_fonts=&#8220;font_family:Great%20Vibes%3Aregular|font_style:400%20regular%3A400%3Anormal&#8220; css=&#8220;.vc_custom_1606581785921{margin-top: -30px !important;}&#8220;][vc_column_text]Der Executive-Platz geh\u00f6rt zu<span class=\"excerpt-hellip\"> [\u2026]<\/span><\/p>\n","protected":false},"author":1,"featured_media":0,"parent":0,"menu_order":0,"comment_status":"closed","ping_status":"closed","template":"","meta":{"footnotes":""},"class_list":["post-2795","page","type-page","status-publish","hentry"],"_links":{"self":[{"href":"https:\/\/www.citrusgolfclub.com\/de\/wp-json\/wp\/v2\/pages\/2795","targetHints":{"allow":["GET"]}}],"collection":[{"href":"https:\/\/www.citrusgolfclub.com\/de\/wp-json\/wp\/v2\/pages"}],"about":[{"href":"https:\/\/www.citrusgolfclub.com\/de\/wp-json\/wp\/v2\/types\/page"}],"author":[{"embeddable":true,"href":"https:\/\/www.citrusgolfclub.com\/de\/wp-json\/wp\/v2\/users\/1"}],"replies":[{"embeddable":true,"href":"https:\/\/www.citrusgolfclub.com\/de\/wp-json\/wp\/v2\/comments?post=2795"}],"version-history":[{"count":2,"href":"https:\/\/www.citrusgolfclub.com\/de\/wp-json\/wp\/v2\/pages\/2795\/revisions"}],"predecessor-version":[{"id":2797,"href":"https:\/\/www.citrusgolfclub.com\/de\/wp-json\/wp\/v2\/pages\/2795\/revisions\/2797"}],"wp:attachment":[{"href":"https:\/\/www.citrusgolfclub.com\/de\/wp-json\/wp\/v2\/media?parent=2795"}],"curies":[{"name":"wp","href":"https:\/\/api.w.org\/{rel}","templated":true}]}}