{"id":2361,"date":"2019-06-13T16:25:23","date_gmt":"2019-06-13T14:25:23","guid":{"rendered":"https:\/\/citrusgolfclub.com\/club-house\/"},"modified":"2020-10-08T15:49:49","modified_gmt":"2020-10-08T13:49:49","slug":"the-club-house","status":"publish","type":"page","link":"https:\/\/www.citrusgolfclub.com\/en\/the-club-house\/","title":{"rendered":"The Club House"},"content":{"rendered":"<div class=\"wpb-content-wrapper\"><p>[vc_row][vc_column width=&#8221;1\/3&#8243;][vc_column_text]The Citrus Golf Club House is open, everyday, from 7 am to 9:30 pm, in a warm and friendly space.<\/p>\n<p>Enjoy, before or after your golf party, our restaurant and bar inside the club house, offering a majestic view on rangelands. You will find everything you need to share with your playing partners.<\/p>\n<p>The Proshop offers a wide range of clothing and all essential accessories for the practice of golf (gloves, shoes, balls, equipment \u2026) At very competitive prices.<\/p>\n<p>Buses, clubs, manual and electric Trolleys, caddies, buggies, clubs \u2026 are also available for rental.<\/p>\n<p>The Citrus Golf Clubhouse, in addition to its ProShop, offers changing rooms, endowed with showers for men and women, worthy of a first-class Golf Club.[\/vc_column_text][vc_btn title=&#8221;Restaurant &amp; Bar&#8221; style=&#8221;classic&#8221; shape=&#8221;square&#8221; color=&#8221;turquoise&#8221; size=&#8221;sm&#8221; align=&#8221;left&#8221; link=&#8221;url:https%3A%2F%2Fwww.citrusgolfclub.com%2Frestaurant-et-bar%2F|title:Restaurant%20et%20Bar|target:%20_blank|&#8221;][\/vc_column][vc_column width=&#8221;2\/3&#8243;]<div class=\"zoom_box\"><div class=\"photo\"><img loading=\"lazy\" decoding=\"async\" class=\"scale-with-grid\" src=\"https:\/\/www.citrusgolfclub.com\/wp-content\/uploads\/2020\/04\/clubhousepage.jpg\" alt=\"clubhousepage\" width=\"750\" height=\"400\"\/><\/div><div class=\"desc\" ><div class=\"desc_wrap\"><div class=\"desc_img\"><img loading=\"lazy\" decoding=\"async\" class=\"scale-with-grid\" src=\"https:\/\/www.citrusgolfclub.com\/wp-content\/uploads\/2019\/10\/zoombox4.png\" alt=\"zoombox4\" width=\"300\" height=\"300\"\/><\/div><div class=\"desc_txt\">Club House<\/div><\/div><\/div><\/div>\n[\/vc_column][\/vc_row][vc_row][vc_column width=&#8221;2\/3&#8243;]<div class=\"zoom_box\"><div class=\"photo\"><img loading=\"lazy\" decoding=\"async\" class=\"scale-with-grid\" src=\"https:\/\/www.citrusgolfclub.com\/wp-content\/uploads\/2019\/08\/club2.jpg\" alt=\"club2\" width=\"750\" height=\"400\"\/><\/div><div class=\"desc\" ><div class=\"desc_wrap\"><div class=\"desc_img\"><img loading=\"lazy\" decoding=\"async\" class=\"scale-with-grid\" src=\"https:\/\/www.citrusgolfclub.com\/wp-content\/uploads\/2019\/10\/zoombox5.png\" alt=\"zoombox5\" width=\"300\" height=\"300\"\/><\/div><div class=\"desc_txt\">ProShop<\/div><\/div><\/div><\/div>\n[\/vc_column][vc_column width=&#8221;1\/3&#8243;][vc_column_text]The Citrus Golf Proshop offers a wide range of golf items, belonging to the famous and most prestigious brands of textile, footwear and other accessories of Golf.<\/p>\n<p>Our professional and experienced Golf staff will be happy to advise you selecting all the necessary equipment for your Golf stay in Hammamet.<\/p>\n<p>Major brands such as Lacoste Golf, Puma or Titleist reserve you an exceptional collection. So go ahead and come to discover this in our Proshop, conveniently located in the Citrus Golf Club house.[\/vc_column_text][vc_btn title=&#8221;Proshop&#8221; style=&#8221;classic&#8221; shape=&#8221;square&#8221; color=&#8221;turquoise&#8221; size=&#8221;sm&#8221; align=&#8221;left&#8221; link=&#8221;url:https%3A%2F%2Fwww.citrusgolfclub.com%2Fproshop-2%2F|title:Proshop|target:%20_blank|&#8221;][\/vc_column][\/vc_row][vc_row full_width=&#8221;stretch_row&#8221; disable_element=&#8221;yes&#8221; css=&#8221;.vc_custom_1576174527498{background-color: #efefef !important;}&#8221;][vc_column width=&#8221;1\/3&#8243;]<div class=\"flat_box\"><div class=\"photo_wrapper\"><div class=\"icon themebg\" ><i class=\"icon-basket\" aria-hidden=\"true\"><\/i><\/div><img loading=\"lazy\" decoding=\"async\" class=\"photo scale-with-grid\" src=\"https:\/\/www.citrusgolfclub.com\/wp-content\/uploads\/2019\/04\/proshop1.jpg\" alt=\"proshop1\" width=\"780\" height=\"800\"\/><\/div><div class=\"desc_wrapper\"><h4 class=\"title \">Suivez nos nouveaut\u00e9s Proshop<\/h4><div class=\"desc\">Notre Proshop vous pr\u00e9sente les derni\u00e8res nouveaut\u00e9s dans les produits et habillement du Golf<\/div><\/div><\/div>\n[\/vc_column][vc_column width=&#8221;1\/3&#8243;]<div class=\"flat_box\"><div class=\"photo_wrapper\"><div class=\"icon themebg\" ><i class=\"icon-thumbs-up\" aria-hidden=\"true\"><\/i><\/div><img loading=\"lazy\" decoding=\"async\" class=\"photo scale-with-grid\" src=\"https:\/\/www.citrusgolfclub.com\/wp-content\/uploads\/2019\/06\/resto5.jpg\" alt=\"resto5\" width=\"780\" height=\"800\"\/><\/div><div class=\"desc_wrapper\"><h4 class=\"title \">Notre restaurant gastronomique THE COURSE<\/h4><div class=\"desc\">THE COURSE avec ses 96 places assises et ses trois terrasses, et une vue panoramique surplombant le complexe golfique feront le bonheur de vos cocktails<\/div><\/div><\/div>\n[\/vc_column][vc_column width=&#8221;1\/3&#8243;]<div class=\"flat_box\"><div class=\"photo_wrapper\"><div class=\"icon themebg\" ><i class=\"icon-graduation-cap\" aria-hidden=\"true\"><\/i><\/div><img loading=\"lazy\" decoding=\"async\" class=\"photo scale-with-grid\" src=\"https:\/\/www.citrusgolfclub.com\/wp-content\/uploads\/2019\/04\/foret2.jpg\" alt=\"foret2\" width=\"780\" height=\"800\"\/><\/div><div class=\"desc_wrapper\"><h4 class=\"title \">Suivez nos stages et le\u00e7ons<\/h4><div class=\"desc\">Venez perfectionner votre Swing, Putting, Chipping ou encore votre Pitching, avec nos professionnels multilingues affili\u00e9s \u00e0 la PGA Tunisie<\/div><\/div><\/div>\n[\/vc_column][\/vc_row][vc_row full_width=&#8221;stretch_row&#8221; css=&#8221;.vc_custom_1576174562565{background-color: #efefef !important;}&#8221;][vc_column width=&#8221;1\/3&#8243; css=&#8221;.vc_custom_1585838808034{background-image: url(https:\/\/www.citrusgolfclub.com\/wp-content\/uploads\/2020\/04\/Bloc3.jpg?id=1530) !important;background-position: center !important;background-repeat: no-repeat !important;background-size: cover !important;}&#8221;][vc_empty_space height=&#8221;200&#8243;][vc_custom_heading text=&#8221;Hammamet Town&#8221; font_container=&#8221;tag:h3|text_align:center|color:%23ffd900&#8243; google_fonts=&#8221;font_family:Playfair%20Display%3Aregular%2Citalic%2C700%2C700italic%2C900%2C900italic|font_style:400%20regular%3A400%3Anormal&#8221;][vc_column_text]<span style=\"color: #ffffff;\">Hammamet is the sea bordered by azure, the immense white sand beaches, it is the blue sky, the sun, the palm trees and the fragrant orange orchards<\/span>[\/vc_column_text][vc_empty_space height=&#8221;195&#8243;][\/vc_column][vc_column width=&#8221;1\/3&#8243; css=&#8221;.vc_custom_1585838886346{margin-left: 10px !important;background-image: url(https:\/\/www.citrusgolfclub.com\/wp-content\/uploads\/2019\/12\/Bloc1.jpg?id=999) !important;background-position: center !important;background-repeat: no-repeat !important;background-size: cover !important;}&#8221;][vc_empty_space height=&#8221;200&#8243;][vc_custom_heading text=&#8221;Follow our Proshop novelty&#8221; font_container=&#8221;tag:h3|text_align:center|color:%23ffd900&#8243; google_fonts=&#8221;font_family:Playfair%20Display%3Aregular%2Citalic%2C700%2C700italic%2C900%2C900italic|font_style:400%20regular%3A400%3Anormal&#8221;][vc_column_text]<span style=\"color: #ffffff;\">The Pro Shop Golf Citrus&#8217; offers a wide range of items Golf of the largest hardware manufacturers to the most prestigious brands of textile, footwear and other accessories of Golf.<\/span><\/p>\n<p><span style=\"color: #ffffff;\">Our professional and passionate staff of Golf will be happy to advice you selecting all the necessary equipment for your Golf stay in Hammamet.<\/span><\/p>\n<p><span style=\"color: #ffffff;\">Major brands such as Lacoste Golf, Puma or Titleist reserve you an exceptional collection. So go ahead and come to discover this in our Pro Shop, conveniently located in Club house Golf Citrus.<\/span>[\/vc_column_text][\/vc_column][vc_column width=&#8221;1\/3&#8243; css=&#8221;.vc_custom_1585838859528{margin-left: 20px !important;background-image: url(https:\/\/www.citrusgolfclub.com\/wp-content\/uploads\/2019\/12\/Bloc2.jpg?id=1011) !important;background-position: center !important;background-repeat: no-repeat !important;background-size: cover !important;}&#8221;][vc_empty_space height=&#8221;200&#8243;][vc_custom_heading text=&#8221;Tangerine Restaurant &amp; Bar&#8221; font_container=&#8221;tag:h3|text_align:center|color:%23ffd900&#8243; google_fonts=&#8221;font_family:Playfair%20Display%3Aregular%2Citalic%2C700%2C700italic%2C900%2C900italic|font_style:400%20regular%3A400%3Anormal&#8221;][vc_column_text]<span style=\"color: #ffffff;\">Tangerine with its 96 seats and three terraces, and a panoramic view overlooking the golf resort will delight your cocktails<\/span>[\/vc_column_text][vc_empty_space height=&#8221;193&#8243;][\/vc_column][\/vc_row][vc_row][vc_column][vc_empty_space][\/vc_column][\/vc_row]<\/p>\n<\/div>","protected":false},"excerpt":{"rendered":"<p>[vc_row][vc_column width=&#8221;1\/3&#8243;][vc_column_text]The Citrus Golf Club House is open, everyday, from 7 am to 9:30 pm, in a warm and friendly space. Enjoy, before or after your<span class=\"excerpt-hellip\"> [\u2026]<\/span><\/p>\n","protected":false},"author":1,"featured_media":0,"parent":0,"menu_order":0,"comment_status":"closed","ping_status":"closed","template":"","meta":{"footnotes":""},"class_list":["post-2361","page","type-page","status-publish","hentry"],"_links":{"self":[{"href":"https:\/\/www.citrusgolfclub.com\/en\/wp-json\/wp\/v2\/pages\/2361","targetHints":{"allow":["GET"]}}],"collection":[{"href":"https:\/\/www.citrusgolfclub.com\/en\/wp-json\/wp\/v2\/pages"}],"about":[{"href":"https:\/\/www.citrusgolfclub.com\/en\/wp-json\/wp\/v2\/types\/page"}],"author":[{"embeddable":true,"href":"https:\/\/www.citrusgolfclub.com\/en\/wp-json\/wp\/v2\/users\/1"}],"replies":[{"embeddable":true,"href":"https:\/\/www.citrusgolfclub.com\/en\/wp-json\/wp\/v2\/comments?post=2361"}],"version-history":[{"count":21,"href":"https:\/\/www.citrusgolfclub.com\/en\/wp-json\/wp\/v2\/pages\/2361\/revisions"}],"predecessor-version":[{"id":2696,"href":"https:\/\/www.citrusgolfclub.com\/en\/wp-json\/wp\/v2\/pages\/2361\/revisions\/2696"}],"wp:attachment":[{"href":"https:\/\/www.citrusgolfclub.com\/en\/wp-json\/wp\/v2\/media?parent=2361"}],"curies":[{"name":"wp","href":"https:\/\/api.w.org\/{rel}","templated":true}]}}