{"id":2382,"date":"2019-06-10T17:49:30","date_gmt":"2019-06-10T15:49:30","guid":{"rendered":"https:\/\/citrusgolfclub.com\/la-foret\/"},"modified":"2020-08-11T19:32:45","modified_gmt":"2020-08-11T17:32:45","slug":"la-foret","status":"publish","type":"page","link":"https:\/\/www.citrusgolfclub.com\/en\/la-foret\/","title":{"rendered":"La For\u00eat"},"content":{"rendered":"<div class=\"wpb-content-wrapper\">[vc_row][vc_column][vc_empty_space height=&#8221;20&#8243;][\/vc_column][\/vc_row][vc_row][vc_column width=&#8221;1\/2&#8243;][vc_custom_heading text=&#8221;La For\u00eat&#8221; font_container=&#8221;tag:h3|font_size:46|text_align:left|color:%23003852|line_height:1.3&#8243; google_fonts=&#8221;font_family:Playfair%20Display%3Aregular%2Citalic%2C700%2C700italic%2C900%2C900italic|font_style:400%20regular%3A400%3Anormal&#8221;][vc_single_image image=&#8221;806&#8243; img_size=&#8221;full&#8221;][vc_custom_heading text=&#8221;La For\u00eat, 18-hole par 72 golf course in Tunisia&#8221; font_container=&#8221;tag:h3|text_align:left|color:%239e9e9e&#8221; google_fonts=&#8221;font_family:Great%20Vibes%3Aregular|font_style:400%20regular%3A400%3Anormal&#8221; css=&#8221;.vc_custom_1597166497461{margin-top: -30px !important;}&#8221;][vc_column_text]La For\u00eat is one of two Citrus Golf 18-hole par 72 courses. This hilly course, designed by the architect Ronald Fream, is surrounded by a pine forest and designed according to the prevailing winds (northeast and northwest).<\/p>\n<p>The 6,066 meter (Men) \/ 5,235 meter (Ladies) La For\u00eat golf course is mainly intended for experienced players due to the blind holes and the various water hazards and bunkers protecting the undulating greens.[\/vc_column_text][vc_single_image image=&#8221;1504&#8243; img_size=&#8221;full&#8221; alignment=&#8221;center&#8221;][vc_column_text]Description of certain holes of la For\u00eat :[\/vc_column_text][\/vc_column][vc_column width=&#8221;1\/2&#8243;][vc_single_image image=&#8221;1455&#8243; img_size=&#8221;full&#8221; alignment=&#8221;center&#8221; onclick=&#8221;link_image&#8221;][\/vc_column][\/vc_row][vc_row][vc_column width=&#8221;1\/2&#8243;][vc_single_image image=&#8221;228&#8243; img_size=&#8221;full&#8221; alignment=&#8221;center&#8221; onclick=&#8221;link_image&#8221;][\/vc_column][vc_column width=&#8221;1\/2&#8243;][vc_column_text]The La For\u00eat course was voted the best course in Tunisia in 2017 and 2018 by the World Golf Awards.<br \/>\nThis demanding course, with undulating fairways, offers a rare environment with its subtle, complex and windy holes.<br \/>\nFor an experienced golfer, this is a superb challenge.[\/vc_column_text][vc_row_inner][vc_column_inner width=&#8221;1\/3&#8243;][vc_btn title=&#8221;R\u00e9servation&#8221; style=&#8221;classic&#8221; shape=&#8221;square&#8221; color=&#8221;turquoise&#8221; align=&#8221;center&#8221;][\/vc_column_inner][vc_column_inner width=&#8221;1\/3&#8243;][vc_btn title=&#8221;Score Card&#8221; style=&#8221;classic&#8221; shape=&#8221;square&#8221; color=&#8221;turquoise&#8221; align=&#8221;center&#8221; link=&#8221;url:https%3A%2F%2Fwww.citrusgolfclub.com%2Fwp-content%2Fuploads%2F2020%2F04%2Fforet_scorecard.pdf|title:score%20card%20La%20For%C3%AAt|target:%20_blank|&#8221;][\/vc_column_inner][vc_column_inner width=&#8221;1\/3&#8243;][vc_btn title=&#8221;Tarif&#8221; style=&#8221;classic&#8221; shape=&#8221;square&#8221; color=&#8221;turquoise&#8221; align=&#8221;center&#8221; link=&#8221;url:https%3A%2F%2Fwww.citrusgolfclub.com%2Fgreen-fee%2F|title:Tarifs|target:%20_blank|&#8221;][\/vc_column_inner][\/vc_row_inner][\/vc_column][\/vc_row][vc_row disable_element=&#8221;yes&#8221;][vc_column width=&#8221;1\/3&#8243;][vc_single_image image=&#8221;623&#8243; img_size=&#8221;full&#8221; alignment=&#8221;center&#8221;][vc_column_text]\n<h4 style=\"text-align: center;\"><span style=\"color: #003852;\"><strong>Trou N\u00b0 17\u00a0<\/strong><\/span><\/h4>\n<p style=\"text-align: center;\"><span style=\"color: #038583;\"><strong>489 m, 471 m, 455 m, 437 m, par 5, STR 12.<\/strong><\/span><\/p>\n<p>Voil\u00e0 un Par 5 o\u00f9 les d\u00e9parts surplombent un semblant de Frairway qui ne donne pas droit \u00e0 l\u2019erreur.<\/p>\n<p>La surface de l\u2019aire de r\u00e9ception est prot\u00e9g\u00e9e par des rideaux d\u2019arbres qui longent le double Dog-leg \u00e0 gauche.<\/p>\n<p>Le trou n\u2019est visible qu\u2019\u00e0 partir du troisi\u00e8me coup avec un Green prot\u00e9g\u00e9 par 3 bunkers qui rendent l\u2019approche difficile.[\/vc_column_text][\/vc_column][vc_column width=&#8221;1\/3&#8243;][vc_single_image image=&#8221;625&#8243; img_size=&#8221;full&#8221; alignment=&#8221;center&#8221;][\/vc_column][vc_column width=&#8221;1\/3&#8243;][vc_single_image image=&#8221;627&#8243; img_size=&#8221;full&#8221; alignment=&#8221;center&#8221;][vc_column_text]\n<h4 style=\"text-align: center;\"><span style=\"color: #003852;\"><strong>Trou N\u00b0 3\u00a0<\/strong><\/span><\/h4>\n<p style=\"text-align: center;\"><span style=\"color: #038583;\"><strong> 372 m, 352 m, 314 m, 286 m, Par 4, STR 3.<\/strong><\/span><\/p>\n<p>Voil\u00e0 un trou qui a des aires de d\u00e9part diff\u00e9rentes.<\/p>\n<p>Ce trou, un Dog-leg \u00e0 droite et aveugle, est prot\u00e9g\u00e9 par un rideau d\u2019arbres qu\u2019il faut traverser d\u00e8s le premier coup.<\/p>\n<p>Tous les coups de d\u00e9part non r\u00e9ussis seront automatiquement p\u00e9nalis\u00e9s.<\/p>\n<p>Le deuxi\u00e8me coup n\u2019est pas une t\u00e2che facile, car le Green est prot\u00e9g\u00e9 par un obstacle d\u2019eau lat\u00e9ral sur sa droite et d\u2019un Bunker derri\u00e8re pour recevoir les deuxi\u00e8mes coups longs.[\/vc_column_text][\/vc_column][\/vc_row][vc_row full_width=&#8221;stretch_row&#8221; parallax=&#8221;content-moving&#8221; parallax_image=&#8221;534&#8243; disable_element=&#8221;yes&#8221;][vc_column][vc_empty_space height=&#8221;50&#8243;][vc_column_text]\n<h3 style=\"text-align: center;\"><span style=\"color: #ffffff;\">Le parcours de La For\u00eat a \u00e9t\u00e9 \u00e9lu meilleur parcours de Tunisie en 2017 et 2018 par les World<\/span><br \/>\n<span style=\"color: #ffffff;\">Golf Awards.<\/span><\/h3>\n<h3 style=\"text-align: center;\"><span style=\"color: #ffffff;\">Ce parcours exigeant, avec des fairways vallonn\u00e9s, propose un environnement<\/span><br \/>\n<span style=\"color: #ffffff;\">rare avec ses trous subtils, complexes et vent\u00e9s.<\/span><\/h3>\n<h3 style=\"text-align: center;\"><span style=\"color: #ffffff;\">Pour un golfeur confirm\u00e9, c\u2019est un superbe challenge.<\/span><\/h3>\n[\/vc_column_text][vc_row_inner][vc_column_inner width=&#8221;1\/2&#8243;][\/vc_column_inner][vc_column_inner width=&#8221;1\/2&#8243;][\/vc_column_inner][\/vc_row_inner][vc_empty_space height=&#8221;30&#8243;][vc_row_inner disable_element=&#8221;yes&#8221;][vc_column_inner width=&#8221;1\/3&#8243;][\/vc_column_inner][vc_column_inner width=&#8221;1\/3&#8243;][vc_raw_js]JTNDYSUyMGNsYXNzJTNEJTIyd2VhdGhlcndpZGdldC1pbyUyMiUyMGhyZWYlM0QlMjJodHRwcyUzQSUyRiUyRmZvcmVjYXN0Ny5jb20lMkZmciUyRjM2ZDQxMTBkNjIlMkZoYW1tYW1ldCUyRiUyMiUyMGRhdGEtbGFiZWxfMSUzRCUyMkhBTU1BTUVUJTIyJTIwZGF0YS1sYWJlbF8yJTNEJTIyV0VBVEhFUiUyMiUyMGRhdGEtZm9udCUzRCUyMlJvYm90byUyMiUyMGRhdGEtaWNvbnMlM0QlMjJDbGltYWNvbnMlMjBBbmltYXRlZCUyMiUyMGRhdGEtbW9kZSUzRCUyMkN1cnJlbnQlMjIlMjBkYXRhLXRoZW1lJTNEJTIycHVyZSUyMiUyMGRhdGEtYmFzZWNvbG9yJTNEJTIyJTIzZjVmNWYwJTIyJTIwJTNFSEFNTUFNRVQlMjBXRUFUSEVSJTNDJTJGYSUzRSUwQSUzQ3NjcmlwdCUzRSUwQSUyMWZ1bmN0aW9uJTI4ZCUyQ3MlMkNpZCUyOSU3QnZhciUyMGpzJTJDZmpzJTNEZC5nZXRFbGVtZW50c0J5VGFnTmFtZSUyOHMlMjklNUIwJTVEJTNCaWYlMjglMjFkLmdldEVsZW1lbnRCeUlkJTI4aWQlMjklMjklN0JqcyUzRGQuY3JlYXRlRWxlbWVudCUyOHMlMjklM0Jqcy5pZCUzRGlkJTNCanMuc3JjJTNEJTI3aHR0cHMlM0ElMkYlMkZ3ZWF0aGVyd2lkZ2V0LmlvJTJGanMlMkZ3aWRnZXQubWluLmpzJTI3JTNCZmpzLnBhcmVudE5vZGUuaW5zZXJ0QmVmb3JlJTI4anMlMkNmanMlMjklM0IlN0QlN0QlMjhkb2N1bWVudCUyQyUyN3NjcmlwdCUyNyUyQyUyN3dlYXRoZXJ3aWRnZXQtaW8tanMlMjclMjklM0IlMEElM0MlMkZzY3JpcHQlM0U=[\/vc_raw_js][\/vc_column_inner][vc_column_inner width=&#8221;1\/3&#8243;][\/vc_column_inner][\/vc_row_inner][\/vc_column][\/vc_row][vc_row][vc_column width=&#8221;1\/2&#8243;][vc_column_text]\n<h4><span style=\"color: #003852;\"><strong>Hole N\u00b0 6\u00a0<\/strong><\/span><\/h4>\n<p><strong><span style=\"color: #038583;\"> 155 m, 128 m, 112 m, 81 m, Par 3, STR 17. \u00a0\u00a0<\/span>\u00a0\u00a0\u00a0\u00a0\u00a0\u00a0\u00a0\u00a0\u00a0\u00a0 <\/strong><\/p>\n<p>Between the Tee and the Green, there is a ravine of 100 m in length. All balls hit too short, will therefore end up in the ravine.<\/p>\n<p>As for Green is concerned, it is well protected by out-of-bounds to collect all the balls which go too far.[\/vc_column_text][\/vc_column][vc_column width=&#8221;1\/2&#8243;][vc_single_image image=&#8221;240&#8243; img_size=&#8221;full&#8221;][\/vc_column][\/vc_row][vc_row full_width=&#8221;stretch_row&#8221; css=&#8221;.vc_custom_1586776678704{background-color: #efefef !important;}&#8221;][vc_column width=&#8221;1\/2&#8243;][vc_single_image image=&#8221;241&#8243; img_size=&#8221;full&#8221;][\/vc_column][vc_column width=&#8221;1\/2&#8243;][vc_column_text]\n<h4><span style=\"color: #003852;\"><strong>Hole N\u00b0 8 <\/strong><\/span><\/h4>\n<p><span style=\"color: #038583;\"><strong>313 m, 288 m, 260 m, 241 m, Par 4, STR 11.<\/strong><\/span><\/p>\n<p>A difficult Par 4, the Rough to the left of the fairway and the lake to the right are such that it is imperative to hit the first stroke into the center of Fairway.<\/p>\n<p>With the second stroke, one must cross the Dog-leg to the right above the lake in order to try to reach a Green which is well protected by bunkers 1.50 m in depth.<\/p>\n<p>Take care with long shots! A lateral water hazard, hidden when playing the second stroke, nestles just behind the Green.[\/vc_column_text][\/vc_column][\/vc_row][vc_row][vc_column width=&#8221;1\/2&#8243;][vc_column_text]\n<h4 style=\"text-align: left;\"><span style=\"color: #003852;\"><strong>Hole N\u00b0 18 <\/strong><\/span><\/h4>\n<p style=\"text-align: left;\"><span style=\"color: #038583;\"><strong>395 m, 380 m, 361 m, 346 m, Par 4, STR 4.<\/strong><\/span><\/p>\n<p style=\"text-align: left;\">A challenging hole, where on must hit a ball more than220 m over a lake, in order to reach the Fairway.<\/p>\n<p style=\"text-align: left;\">As for Green, he is protected, to the right, by a Bunker and to the left by a second lake. There is respite on the last hole.<\/p>\n[\/vc_column_text][\/vc_column][vc_column width=&#8221;1\/2&#8243;][vc_single_image image=&#8221;1589&#8243; img_size=&#8221;full&#8221;][\/vc_column][\/vc_row]\n<\/div>","protected":false},"excerpt":{"rendered":"<p>[vc_row][vc_column][vc_empty_space height=&#8221;20&#8243;][\/vc_column][\/vc_row][vc_row][vc_column width=&#8221;1\/2&#8243;][vc_custom_heading text=&#8221;La For\u00eat&#8221; font_container=&#8221;tag:h3|font_size:46|text_align:left|color:%23003852|line_height:1.3&#8243; google_fonts=&#8221;font_family:Playfair%20Display%3Aregular%2Citalic%2C700%2C700italic%2C900%2C900italic|font_style:400%20regular%3A400%3Anormal&#8221;][vc_single_image image=&#8221;806&#8243; img_size=&#8221;full&#8221;][vc_custom_heading text=&#8221;La For\u00eat, 18-hole par 72 golf course in Tunisia&#8221; font_container=&#8221;tag:h3|text_align:left|color:%239e9e9e&#8221; google_fonts=&#8221;font_family:Great%20Vibes%3Aregular|font_style:400%20regular%3A400%3Anormal&#8221; css=&#8221;.vc_custom_1597166497461{margin-top: -30px !important;}&#8221;][vc_column_text]La For\u00eat is one<span class=\"excerpt-hellip\"> [\u2026]<\/span><\/p>\n","protected":false},"author":1,"featured_media":0,"parent":0,"menu_order":0,"comment_status":"closed","ping_status":"closed","template":"","meta":{"footnotes":""},"class_list":["post-2382","page","type-page","status-publish","hentry"],"_links":{"self":[{"href":"https:\/\/www.citrusgolfclub.com\/en\/wp-json\/wp\/v2\/pages\/2382","targetHints":{"allow":["GET"]}}],"collection":[{"href":"https:\/\/www.citrusgolfclub.com\/en\/wp-json\/wp\/v2\/pages"}],"about":[{"href":"https:\/\/www.citrusgolfclub.com\/en\/wp-json\/wp\/v2\/types\/page"}],"author":[{"embeddable":true,"href":"https:\/\/www.citrusgolfclub.com\/en\/wp-json\/wp\/v2\/users\/1"}],"replies":[{"embeddable":true,"href":"https:\/\/www.citrusgolfclub.com\/en\/wp-json\/wp\/v2\/comments?post=2382"}],"version-history":[{"count":3,"href":"https:\/\/www.citrusgolfclub.com\/en\/wp-json\/wp\/v2\/pages\/2382\/revisions"}],"predecessor-version":[{"id":2385,"href":"https:\/\/www.citrusgolfclub.com\/en\/wp-json\/wp\/v2\/pages\/2382\/revisions\/2385"}],"wp:attachment":[{"href":"https:\/\/www.citrusgolfclub.com\/en\/wp-json\/wp\/v2\/media?parent=2382"}],"curies":[{"name":"wp","href":"https:\/\/api.w.org\/{rel}","templated":true}]}}