{"id":2386,"date":"2019-06-10T18:29:03","date_gmt":"2019-06-10T16:29:03","guid":{"rendered":"https:\/\/citrusgolfclub.com\/les-oliviers\/"},"modified":"2020-08-11T19:39:58","modified_gmt":"2020-08-11T17:39:58","slug":"les-oliviers","status":"publish","type":"page","link":"https:\/\/www.citrusgolfclub.com\/en\/les-oliviers\/","title":{"rendered":"Les Oliviers"},"content":{"rendered":"<div class=\"wpb-content-wrapper\">[vc_row][vc_column][vc_empty_space height=&#8221;20&#8243;][\/vc_column][\/vc_row][vc_row][vc_column width=&#8221;1\/2&#8243;][vc_custom_heading text=&#8221;Les Oliviers&#8221; font_container=&#8221;tag:h3|font_size:46|text_align:left|color:%23003852|line_height:1.3&#8243; google_fonts=&#8221;font_family:Playfair%20Display%3Aregular%2Citalic%2C700%2C700italic%2C900%2C900italic|font_style:400%20regular%3A400%3Anormal&#8221;][vc_single_image image=&#8221;806&#8243; img_size=&#8221;full&#8221;][vc_custom_heading text=&#8221;Les Oliviers, 18-hole par 72 golf course in Hammamet&#8221; font_container=&#8221;tag:h3|text_align:left|color:%239e9e9e&#8221; google_fonts=&#8221;font_family:Great%20Vibes%3Aregular|font_style:400%20regular%3A400%3Anormal&#8221; css=&#8221;.vc_custom_1597167366537{margin-top: -30px !important;}&#8221;][vc_column_text]&#8221;Les Oliviers&#8221; is one of two Citrus Golf 18-hole par 72 courses.<\/p>\n<p>With a total length of 6,106 meters (men) \/ 5,290 meters (Ladies), the course is made up of wide Fairways dotted with olive trees and sand traps protected from drive.<\/p>\n<p>This golf course in Hammamet is a challenge for all handicaps. Indeed, the omnipresent breeze and the Greens on the plateau, protected by bunkers, penalize bad shots.[\/vc_column_text][\/vc_column][vc_column width=&#8221;1\/2&#8243;][vc_single_image image=&#8221;1457&#8243; img_size=&#8221;full&#8221; alignment=&#8221;center&#8221; onclick=&#8221;link_image&#8221;][\/vc_column][\/vc_row][vc_row][vc_column width=&#8221;1\/2&#8243;][vc_single_image image=&#8221;246&#8243; img_size=&#8221;full&#8221; alignment=&#8221;center&#8221; onclick=&#8221;link_image&#8221;][\/vc_column][vc_column width=&#8221;1\/2&#8243;][vc_column_text]This course is part of a typically regional landscape where the aesthetics of the olive groves enrich the design of the architect.<\/p>\n<p>It offers a great challenge to golfers with all standards.[\/vc_column_text][vc_row_inner][vc_column_inner width=&#8221;1\/3&#8243;][vc_btn title=&#8221;R\u00e9servation&#8221; style=&#8221;classic&#8221; shape=&#8221;square&#8221; color=&#8221;turquoise&#8221; align=&#8221;center&#8221;][\/vc_column_inner][vc_column_inner width=&#8221;1\/3&#8243;][vc_btn title=&#8221;Score Card&#8221; style=&#8221;classic&#8221; shape=&#8221;square&#8221; color=&#8221;turquoise&#8221; align=&#8221;center&#8221; link=&#8221;url:https%3A%2F%2Fwww.citrusgolfclub.com%2Fwp-content%2Fuploads%2F2020%2F04%2Foliviers_scorecard.pdf|title:Score%20card%20les%20Oliviers|target:%20_blank|&#8221;][\/vc_column_inner][vc_column_inner width=&#8221;1\/3&#8243;][vc_btn title=&#8221;Tarif&#8221; style=&#8221;classic&#8221; shape=&#8221;square&#8221; color=&#8221;turquoise&#8221; align=&#8221;center&#8221; link=&#8221;url:https%3A%2F%2Fwww.citrusgolfclub.com%2Fgreen-fee%2F|title:Tarif|target:%20_blank|&#8221;][\/vc_column_inner][\/vc_row_inner][\/vc_column][\/vc_row][vc_row disable_element=&#8221;yes&#8221;][vc_column width=&#8221;1\/2&#8243;][vc_single_image image=&#8221;629&#8243; img_size=&#8221;full&#8221; alignment=&#8221;center&#8221;][vc_column_text]\n<h4 style=\"text-align: center;\"><span style=\"color: #003852;\"><strong>Trou N\u00b0 18\u00a0<\/strong><\/span><\/h4>\n<p style=\"text-align: center;\"><span style=\"color: #038583;\"><strong> 514 m, 485 m, 461 m, 422 m, par 5, STR 4.<\/strong><\/span><\/p>\n<p>Ce Par 5 se joue contre le vent dominant et l\u2019on ne peut se rel\u00e2cher sur ce trou qui est imprenable en deux coups.<\/p>\n<p>Les bons joueurs utiliseront un Driver, un Bois 3 et auront toujours un Fer 9 ou PW afin d\u2019atteindre le Green.[\/vc_column_text][\/vc_column][vc_column width=&#8221;1\/2&#8243;][vc_single_image image=&#8221;630&#8243; img_size=&#8221;full&#8221; alignment=&#8221;center&#8221;][vc_column_text]\n<h4 style=\"text-align: center;\"><span style=\"color: #003852;\"><strong>Trou N\u00b0 1 <\/strong><\/span><\/h4>\n<p style=\"text-align: center;\"><span style=\"color: #038583;\"><strong>332 m, 320 m, 300 m, 294 m, par 4, STR 7<\/strong><\/span><\/p>\n<p>Le Par 4, bien que trop long, est, quand m\u00eame, difficile et bord\u00e9 de hors limite \u00e0 gauche et d\u2019un grand bunker prot\u00e9geant le c\u00f4t\u00e9 droit du Fairway.<\/p>\n<p>L\u2019approche doit se faire soigneusement afin d\u2019\u00e9viter le bunker profond du c\u00f4t\u00e9 droit du green. Le Par 4 est toujours un bon score.[\/vc_column_text][\/vc_column][\/vc_row][vc_row full_width=&#8221;stretch_row&#8221; parallax=&#8221;content-moving&#8221; parallax_image=&#8221;539&#8243; disable_element=&#8221;yes&#8221;][vc_column][vc_empty_space height=&#8221;50&#8243;][vc_column_text]\n<h3 style=\"text-align: center;\"><span style=\"color: #ffffff;\">Ce parcours s\u2019int\u00e8gre dans un paysage typiquement r\u00e9gional <\/span><\/h3>\n<h3 style=\"text-align: center;\"><span style=\"color: #ffffff;\">o\u00f9 l\u2019esth\u00e9tisme des oliveraies enrichit le dessin de l\u2019architecte.<\/span><\/h3>\n<h3 style=\"text-align: center;\"><span style=\"color: #ffffff;\">Il offre un beau d\u00e9fi aux comp\u00e9titeurs amateurs ou confirm\u00e9s.<\/span><\/h3>\n[\/vc_column_text][vc_row_inner][vc_column_inner width=&#8221;1\/2&#8243;][\/vc_column_inner][vc_column_inner width=&#8221;1\/2&#8243;][\/vc_column_inner][\/vc_row_inner][vc_empty_space height=&#8221;40&#8243;][vc_row_inner disable_element=&#8221;yes&#8221;][vc_column_inner width=&#8221;1\/3&#8243;][\/vc_column_inner][vc_column_inner width=&#8221;1\/3&#8243;][vc_raw_js]JTNDYSUyMGNsYXNzJTNEJTIyd2VhdGhlcndpZGdldC1pbyUyMiUyMGhyZWYlM0QlMjJodHRwcyUzQSUyRiUyRmZvcmVjYXN0Ny5jb20lMkZmciUyRjM2ZDQxMTBkNjIlMkZoYW1tYW1ldCUyRiUyMiUyMGRhdGEtbGFiZWxfMSUzRCUyMkhBTU1BTUVUJTIyJTIwZGF0YS1sYWJlbF8yJTNEJTIyV0VBVEhFUiUyMiUyMGRhdGEtZm9udCUzRCUyMlJvYm90byUyMiUyMGRhdGEtaWNvbnMlM0QlMjJDbGltYWNvbnMlMjBBbmltYXRlZCUyMiUyMGRhdGEtbW9kZSUzRCUyMkN1cnJlbnQlMjIlMjBkYXRhLXRoZW1lJTNEJTIycHVyZSUyMiUyMGRhdGEtYmFzZWNvbG9yJTNEJTIyJTIzZjVmNWYwJTIyJTIwJTNFSEFNTUFNRVQlMjBXRUFUSEVSJTNDJTJGYSUzRSUwQSUzQ3NjcmlwdCUzRSUwQSUyMWZ1bmN0aW9uJTI4ZCUyQ3MlMkNpZCUyOSU3QnZhciUyMGpzJTJDZmpzJTNEZC5nZXRFbGVtZW50c0J5VGFnTmFtZSUyOHMlMjklNUIwJTVEJTNCaWYlMjglMjFkLmdldEVsZW1lbnRCeUlkJTI4aWQlMjklMjklN0JqcyUzRGQuY3JlYXRlRWxlbWVudCUyOHMlMjklM0Jqcy5pZCUzRGlkJTNCanMuc3JjJTNEJTI3aHR0cHMlM0ElMkYlMkZ3ZWF0aGVyd2lkZ2V0LmlvJTJGanMlMkZ3aWRnZXQubWluLmpzJTI3JTNCZmpzLnBhcmVudE5vZGUuaW5zZXJ0QmVmb3JlJTI4anMlMkNmanMlMjklM0IlN0QlN0QlMjhkb2N1bWVudCUyQyUyN3NjcmlwdCUyNyUyQyUyN3dlYXRoZXJ3aWRnZXQtaW8tanMlMjclMjklM0IlMEElM0MlMkZzY3JpcHQlM0U=[\/vc_raw_js][\/vc_column_inner][vc_column_inner width=&#8221;1\/3&#8243;][\/vc_column_inner][\/vc_row_inner][\/vc_column][\/vc_row][vc_row][vc_column width=&#8221;1\/2&#8243;][vc_column_text]\n<h4><span style=\"color: #003852;\"><strong>Hole N\u00b0 15 <\/strong><\/span><\/h4>\n<p><span style=\"color: #038583;\"><strong>525 m, 470 m, 433 m, 406 m, par 5, STR 12.<\/strong><\/span><\/p>\n<p>This Par 5 is the only hole bordering the motorway. The first stroke can only reach the summit of the rise provided the wind helps and the stroke is long and straight.<\/p>\n<p>The Green is visible after the summit only and is protected by a lake on the right side and by a Bunker on the left side.[\/vc_column_text][\/vc_column][vc_column width=&#8221;1\/2&#8243;][vc_single_image image=&#8221;250&#8243; img_size=&#8221;full&#8221;][\/vc_column][\/vc_row][vc_row full_width=&#8221;stretch_row&#8221; css=&#8221;.vc_custom_1562932690029{background-color: #efefef !important;}&#8221;][vc_column width=&#8221;1\/2&#8243;][vc_single_image image=&#8221;251&#8243; img_size=&#8221;full&#8221;][\/vc_column][vc_column width=&#8221;1\/2&#8243;][vc_column_text]\n<h4><span style=\"color: #003852;\"><strong>Hole N\u00b0 8 <\/strong><\/span><\/h4>\n<p><span style=\"color: #038583;\"><strong>501 m, 465 m, 441 m, 413 m, par 5, STR 3.<\/strong><\/span><\/p>\n<p>Although the Fairway is relatively wide, this Par 5 is always played against the dominant wind (North-East).<\/p>\n<p>Even if you manage two perfect strokes, it does not automatically mean that the last stroke of approach will be easy to reach the green.[\/vc_column_text][\/vc_column][\/vc_row][vc_row][vc_column width=&#8221;1\/2&#8243;][vc_column_text]\n<h4><span style=\"color: #003852;\"><strong>Trou N\u00b0 9 <\/strong><\/span><\/h4>\n<p><span style=\"color: #038583;\"><strong>372 m, 358 m, 335 m, 306 m, par 4, STR 1.<\/strong><\/span><\/p>\n<p>Completely blind, bordered by out-of-bounds to the left and to the right and Dog-leg to the right, along with 3 Bunkers to catch Drives.<\/p>\n<p>The first shot must be a perfect one in order to reach the center of the Fairway.<\/p>\n<p>As for the Fairway, it is protected by a well-placed Bunker, ready to catch most short balls or those hit slightly off to the left.[\/vc_column_text][\/vc_column][vc_column width=&#8221;1\/2&#8243;][vc_single_image image=&#8221;252&#8243; img_size=&#8221;full&#8221;][\/vc_column][\/vc_row]\n<\/div>","protected":false},"excerpt":{"rendered":"<p>[vc_row][vc_column][vc_empty_space height=&#8221;20&#8243;][\/vc_column][\/vc_row][vc_row][vc_column width=&#8221;1\/2&#8243;][vc_custom_heading text=&#8221;Les Oliviers&#8221; font_container=&#8221;tag:h3|font_size:46|text_align:left|color:%23003852|line_height:1.3&#8243; google_fonts=&#8221;font_family:Playfair%20Display%3Aregular%2Citalic%2C700%2C700italic%2C900%2C900italic|font_style:400%20regular%3A400%3Anormal&#8221;][vc_single_image image=&#8221;806&#8243; img_size=&#8221;full&#8221;][vc_custom_heading text=&#8221;Les Oliviers, 18-hole par 72 golf course in Hammamet&#8221; font_container=&#8221;tag:h3|text_align:left|color:%239e9e9e&#8221; google_fonts=&#8221;font_family:Great%20Vibes%3Aregular|font_style:400%20regular%3A400%3Anormal&#8221; css=&#8221;.vc_custom_1597167366537{margin-top: -30px !important;}&#8221;][vc_column_text]&#8221;Les Oliviers&#8221; is one<span class=\"excerpt-hellip\"> [\u2026]<\/span><\/p>\n","protected":false},"author":1,"featured_media":0,"parent":0,"menu_order":0,"comment_status":"closed","ping_status":"closed","template":"","meta":{"footnotes":""},"class_list":["post-2386","page","type-page","status-publish","hentry"],"_links":{"self":[{"href":"https:\/\/www.citrusgolfclub.com\/en\/wp-json\/wp\/v2\/pages\/2386","targetHints":{"allow":["GET"]}}],"collection":[{"href":"https:\/\/www.citrusgolfclub.com\/en\/wp-json\/wp\/v2\/pages"}],"about":[{"href":"https:\/\/www.citrusgolfclub.com\/en\/wp-json\/wp\/v2\/types\/page"}],"author":[{"embeddable":true,"href":"https:\/\/www.citrusgolfclub.com\/en\/wp-json\/wp\/v2\/users\/1"}],"replies":[{"embeddable":true,"href":"https:\/\/www.citrusgolfclub.com\/en\/wp-json\/wp\/v2\/comments?post=2386"}],"version-history":[{"count":3,"href":"https:\/\/www.citrusgolfclub.com\/en\/wp-json\/wp\/v2\/pages\/2386\/revisions"}],"predecessor-version":[{"id":2389,"href":"https:\/\/www.citrusgolfclub.com\/en\/wp-json\/wp\/v2\/pages\/2386\/revisions\/2389"}],"wp:attachment":[{"href":"https:\/\/www.citrusgolfclub.com\/en\/wp-json\/wp\/v2\/media?parent=2386"}],"curies":[{"name":"wp","href":"https:\/\/api.w.org\/{rel}","templated":true}]}}