{"id":2391,"date":"2019-06-13T18:04:26","date_gmt":"2019-06-13T16:04:26","guid":{"rendered":"https:\/\/citrusgolfclub.com\/golf-academie\/"},"modified":"2020-10-02T17:49:25","modified_gmt":"2020-10-02T15:49:25","slug":"golf-academy","status":"publish","type":"page","link":"https:\/\/www.citrusgolfclub.com\/en\/golf-academy\/","title":{"rendered":"Golf Academy"},"content":{"rendered":"<div class=\"wpb-content-wrapper\">[vc_row][vc_column][vc_empty_space height=&#8221;20&#8243;][vc_custom_heading text=&#8221;The Citrus Golf Academy&#8221; font_container=&#8221;tag:h3|font_size:46|text_align:center|color:%23003852|line_height:1.3&#8243; google_fonts=&#8221;font_family:Playfair%20Display%3Aregular%2Citalic%2C700%2C700italic%2C900%2C900italic|font_style:400%20regular%3A400%3Anormal&#8221;][vc_single_image image=&#8221;806&#8243; img_size=&#8221;full&#8221; alignment=&#8221;center&#8221;][vc_custom_heading text=&#8221;Citrus Golf Academy : Discover and improve your game&#8221; font_container=&#8221;tag:h3|text_align:center|color:%239e9e9e&#8221; google_fonts=&#8221;font_family:Great%20Vibes%3Aregular|font_style:400%20regular%3A400%3Anormal&#8221; css=&#8221;.vc_custom_1597248062154{margin-top: -30px !important;}&#8221;][vc_column_text]\n<p style=\"text-align: center;\">At the heart of the Citrus Golf Club Hammamet, discover the Training Center ; a 350-meter practice area with 120 mats, a 9-hole Executive course, Par 28 (1221 meters), 05 putting-greens, 05 chipping &amp; pitching-greens and practice bunkers. A center for golf teaching unparalleled in Tunisia, where to learn and improve your golfing skills. Its courses are adapted to challenging and inspiring golfers of all levels, from the amateur to the most confirmed player.<\/p>\n[\/vc_column_text][\/vc_column][\/vc_row][vc_row disable_element=&#8221;yes&#8221;][vc_column width=&#8221;1\/3&#8243;][vc_single_image image=&#8221;288&#8243; img_size=&#8221;full&#8221;][vc_column_text]\n<h4 style=\"text-align: center;\"><span style=\"color: #33cccc;\">L\u2019\u00e9quipe Pro PGAT<\/span><\/h4>\n<p style=\"text-align: center;\">Venez perfectionner votre Swing, Putting, Chipping ou encore votre Pitching, avec nos professionnels multilingues affili\u00e9s \u00e0 la PGA\u00a0&#8230;<\/p>\n[\/vc_column_text][vc_btn title=&#8221;En Savoir +&#8221; shape=&#8221;square&#8221; color=&#8221;turquoise&#8221; size=&#8221;sm&#8221; align=&#8221;center&#8221; link=&#8221;url:http%3A%2F%2Fwww.citrusgolfclub.com%2Flequipe-pro-pgat%2F|title:L%E2%80%99%C3%A9quipe%20Pro%20PGAT|target:%20_blank|&#8221;][\/vc_column][vc_column width=&#8221;1\/3&#8243;][vc_single_image image=&#8221;290&#8243; img_size=&#8221;full&#8221;][vc_column_text]\n<h4 style=\"text-align: center;\"><span style=\"color: #33cccc;\">Stages, Le\u00e7ons et Tarifs<\/span><\/h4>\n<p style=\"text-align: center;\">Une acad\u00e9mie de Golf avec plusieurs vari\u00e9t\u00e9s de stages dirig\u00e9e par des professionnels chevronn\u00e9s et multilingues&#8230;<\/p>\n[\/vc_column_text][vc_btn title=&#8221;En Savoir +&#8221; shape=&#8221;square&#8221; color=&#8221;turquoise&#8221; size=&#8221;sm&#8221; align=&#8221;center&#8221; link=&#8221;url:http%3A%2F%2Fwww.citrusgolfclub.com%2Fstages-lecons-et-tarifs%2F|title:Stages%2C%20le%C3%A7ons%20et%20Tarifs|target:%20_blank|&#8221;][\/vc_column][vc_column width=&#8221;1\/3&#8243;][vc_single_image image=&#8221;291&#8243; img_size=&#8221;full&#8221;][vc_column_text]\n<h4 style=\"text-align: center;\"><span style=\"color: #33cccc;\">Parcours l\u2019Ex\u00e9cutif<\/span><\/h4>\n<p style=\"text-align: center;\">Le parcours l\u2019ex\u00e9cutif fait partie des trois parcours de Golf qui constitue le complexe golfique Golf Citrus Hammamet &#8230;<\/p>\n[\/vc_column_text][vc_btn title=&#8221;En Savoir +&#8221; shape=&#8221;square&#8221; color=&#8221;turquoise&#8221; size=&#8221;sm&#8221; align=&#8221;center&#8221; link=&#8221;url:http%3A%2F%2Fwww.citrusgolfclub.com%2Fparcours-lexecutif%2F|title:Parcours%20l%E2%80%99Ex%C3%A9cutif|target:%20_blank|&#8221;][\/vc_column][\/vc_row][vc_row][vc_column width=&#8221;1\/3&#8243;][vc_row_inner css=&#8221;.vc_custom_1576224571683{background-image: url(https:\/\/www.citrusgolfclub.com\/wp-content\/uploads\/2019\/12\/Bloc4.jpg?id=1035) !important;background-position: center !important;background-repeat: no-repeat !important;background-size: cover !important;}&#8221;][vc_column_inner][vc_empty_space height=&#8221;225&#8243;][vc_custom_heading text=&#8221;Pro PGAT Team&#8221; font_container=&#8221;tag:h3|text_align:center|color:%23ffd900&#8243; google_fonts=&#8221;font_family:Playfair%20Display%3Aregular%2Citalic%2C700%2C700italic%2C900%2C900italic|font_style:400%20regular%3A400%3Anormal&#8221; link=&#8221;url:https%3A%2F%2Fwww.citrusgolfclub.com%2Fpro-pgat-team%2F%3Flang%3Den|title:Pro%20PGAT%20Team|target:%20_blank|&#8221;][vc_column_text]<span style=\"color: #ffffff;\">Come improve your Swing, Putting, Chipping or even your Pitching, with our multilingual professionals affiliated with the PGA\u2026<\/span>[\/vc_column_text][vc_empty_space height=&#8221;220&#8243;][\/vc_column_inner][\/vc_row_inner][\/vc_column][vc_column width=&#8221;1\/3&#8243;][vc_row_inner css=&#8221;.vc_custom_1576225053363{margin-left: 5px !important;background-image: url(https:\/\/www.citrusgolfclub.com\/wp-content\/uploads\/2019\/12\/Bloc5-1.jpg?id=1046) !important;background-position: center !important;background-repeat: no-repeat !important;background-size: cover !important;}&#8221;][vc_column_inner][vc_empty_space height=&#8221;220&#8243;][vc_custom_heading text=&#8221;Training, Lessons &amp; Rates&#8221; font_container=&#8221;tag:h3|text_align:center|color:%23ffd900&#8243; google_fonts=&#8221;font_family:Playfair%20Display%3Aregular%2Citalic%2C700%2C700italic%2C900%2C900italic|font_style:400%20regular%3A400%3Anormal&#8221; link=&#8221;url:https%3A%2F%2Fwww.citrusgolfclub.com%2Ftraining-lessons-et-rates%2F%3Flang%3Den|title:Training||&#8221;][vc_column_text]<span style=\"color: #ffffff;\">An academy of Golf with some variety of training courses managed by experienced and multilingual professionals.<\/span>[\/vc_column_text][vc_empty_space height=&#8221;250&#8243;][\/vc_column_inner][\/vc_row_inner][\/vc_column][vc_column width=&#8221;1\/3&#8243;][vc_row_inner css=&#8221;.vc_custom_1576226189835{margin-left: 5px !important;background-image: url(https:\/\/www.citrusgolfclub.com\/wp-content\/uploads\/2019\/12\/Bloc6.jpg?id=1050) !important;background-position: center !important;background-repeat: no-repeat !important;background-size: cover !important;}&#8221;][vc_column_inner][vc_empty_space height=&#8221;220&#8243;][vc_custom_heading text=&#8221;The Executive Course&#8221; font_container=&#8221;tag:h3|text_align:center|color:%23ffd900&#8243; google_fonts=&#8221;font_family:Playfair%20Display%3Aregular%2Citalic%2C700%2C700italic%2C900%2C900italic|font_style:400%20regular%3A400%3Anormal&#8221; link=&#8221;url:https%3A%2F%2Fwww.citrusgolfclub.com%2Fthe-executive-course%2F%3Flang%3Den|title:Executive%20Course|target:%20_blank|&#8221;][vc_column_text]<span style=\"color: #ffffff;\">The executive course is one of three golf courses which constitutes the golf complex Golf Citrus Hammamet.<\/span>[\/vc_column_text][vc_empty_space height=&#8221;250&#8243;][\/vc_column_inner][\/vc_row_inner][\/vc_column][\/vc_row]\n<\/div>","protected":false},"excerpt":{"rendered":"<p>[vc_row][vc_column][vc_empty_space height=&#8221;20&#8243;][vc_custom_heading text=&#8221;The Citrus Golf Academy&#8221; font_container=&#8221;tag:h3|font_size:46|text_align:center|color:%23003852|line_height:1.3&#8243; google_fonts=&#8221;font_family:Playfair%20Display%3Aregular%2Citalic%2C700%2C700italic%2C900%2C900italic|font_style:400%20regular%3A400%3Anormal&#8221;][vc_single_image image=&#8221;806&#8243; img_size=&#8221;full&#8221; alignment=&#8221;center&#8221;][vc_custom_heading text=&#8221;Citrus Golf Academy : Discover and improve your game&#8221; font_container=&#8221;tag:h3|text_align:center|color:%239e9e9e&#8221; google_fonts=&#8221;font_family:Great%20Vibes%3Aregular|font_style:400%20regular%3A400%3Anormal&#8221; css=&#8221;.vc_custom_1597248062154{margin-top: -30px !important;}&#8221;][vc_column_text] At<span class=\"excerpt-hellip\"> [\u2026]<\/span><\/p>\n","protected":false},"author":1,"featured_media":0,"parent":0,"menu_order":0,"comment_status":"closed","ping_status":"closed","template":"","meta":{"footnotes":""},"class_list":["post-2391","page","type-page","status-publish","hentry"],"_links":{"self":[{"href":"https:\/\/www.citrusgolfclub.com\/en\/wp-json\/wp\/v2\/pages\/2391","targetHints":{"allow":["GET"]}}],"collection":[{"href":"https:\/\/www.citrusgolfclub.com\/en\/wp-json\/wp\/v2\/pages"}],"about":[{"href":"https:\/\/www.citrusgolfclub.com\/en\/wp-json\/wp\/v2\/types\/page"}],"author":[{"embeddable":true,"href":"https:\/\/www.citrusgolfclub.com\/en\/wp-json\/wp\/v2\/users\/1"}],"replies":[{"embeddable":true,"href":"https:\/\/www.citrusgolfclub.com\/en\/wp-json\/wp\/v2\/comments?post=2391"}],"version-history":[{"count":19,"href":"https:\/\/www.citrusgolfclub.com\/en\/wp-json\/wp\/v2\/pages\/2391\/revisions"}],"predecessor-version":[{"id":2692,"href":"https:\/\/www.citrusgolfclub.com\/en\/wp-json\/wp\/v2\/pages\/2391\/revisions\/2692"}],"wp:attachment":[{"href":"https:\/\/www.citrusgolfclub.com\/en\/wp-json\/wp\/v2\/media?parent=2391"}],"curies":[{"name":"wp","href":"https:\/\/api.w.org\/{rel}","templated":true}]}}