{"id":2512,"date":"2019-06-22T15:03:18","date_gmt":"2019-06-22T13:03:18","guid":{"rendered":"https:\/\/citrusgolfclub.com\/nos-partenaires\/"},"modified":"2020-08-21T12:40:48","modified_gmt":"2020-08-21T10:40:48","slug":"golf-partners","status":"publish","type":"page","link":"https:\/\/www.citrusgolfclub.com\/en\/golf-partners\/","title":{"rendered":"Golf Partners"},"content":{"rendered":"<div class=\"wpb-content-wrapper\">[vc_row][vc_column width=&#8221;1\/4&#8243;][vc_custom_heading text=&#8221;IAGTO&#8221; font_container=&#8221;tag:h4|text_align:center|color:%23038583&#8243; google_fonts=&#8221;font_family:Playfair%20Display%3Aregular%2Citalic%2C700%2C700italic%2C900%2C900italic|font_style:400%20regular%3A400%3Anormal&#8221; link=&#8221;url:http%3A%2F%2Fwww.iagto.com%2F||target:%20_blank|&#8221;][vc_single_image image=&#8221;417&#8243; img_size=&#8221;full&#8221; alignment=&#8221;center&#8221;][vc_column_text css=&#8221;.vc_custom_1561208595290{margin-top: -30px !important;}&#8221;]\n<p style=\"text-align: justify;\">Le Golf Citrus est membre de l&#8217;IAGTO qui est une association rassemblant tous les professionnels impliqu\u00e9s dans l&#8217;industrie du tourisme golfique. Cette association oeuvre concr\u00e8tement au bon d\u00e9veloppement du golf et du tourisme golfique \u00e0 travers le monde et tous ses membres en y adh\u00e9rant, s&#8217;engagent \u00e0 respecter une charte de qualit\u00e9.<\/p>\n[\/vc_column_text][\/vc_column][vc_column width=&#8221;1\/4&#8243;][vc_custom_heading text=&#8221;German Golf Academy&#8221; font_container=&#8221;tag:h4|text_align:center|color:%23038583&#8243; google_fonts=&#8221;font_family:Playfair%20Display%3Aregular%2Citalic%2C700%2C700italic%2C900%2C900italic|font_style:400%20regular%3A400%3Anormal&#8221; link=&#8221;url:http%3A%2F%2Fwww.germangolfacademy.de%2Fcms%2FGolfschule-Hammamet-Tunesien%2F4649.html||target:%20_blank|&#8221;][vc_single_image image=&#8221;419&#8243; img_size=&#8221;full&#8221; alignment=&#8221;center&#8221;][vc_column_text css=&#8221;.vc_custom_1561208764489{margin-top: -30px !important;}&#8221;]\n<p style=\"text-align: justify;\">La GGA est une acad\u00e9mie allemande reconnue qui est bas\u00e9e entre autre a Hammamet au Golf Citrus; on y trouve deux professionnels locaux qui repr\u00e9sentent ce label et assurent toutes les le\u00e7ons de cette acad\u00e9mie. Les allemands soucieux de passer leur carte verte &#8220;platzreife&#8221; qui leur permettra d&#8217;acc\u00e9der aux diff\u00e9rents parcours en Allemagne, peuvent le faire au Golf Citrus. Un certificat leur sera d\u00e9livr\u00e9 \u00e0 la fin de l&#8217;examen leur permettant de retirer en Allemagne leur carte verte<\/p>\n[\/vc_column_text][\/vc_column][vc_column width=&#8221;1\/4&#8243;][vc_custom_heading text=&#8221;Elso Bandiera landscape &amp; greenarchitecture&#8221; font_container=&#8221;tag:h4|text_align:center|color:%23038583&#8243; google_fonts=&#8221;font_family:Playfair%20Display%3Aregular%2Citalic%2C700%2C700italic%2C900%2C900italic|font_style:400%20regular%3A400%3Anormal&#8221; link=&#8221;url:http%3A%2F%2Fwww.elsobandiera.com%2F||target:%20_blank|&#8221;][vc_single_image image=&#8221;421&#8243; img_size=&#8221;full&#8221; alignment=&#8221;center&#8221;][vc_column_text css=&#8221;.vc_custom_1561208854254{margin-top: -30px !important;}&#8221;]\n<p style=\"text-align: justify;\">EUROPEAN GARDEN DESIGN &#8211; Le Golf Citrus a entrepris depuis plus de trois ans l\u2019am\u00e9lioration du paysage des deux parcours (La for\u00eat \u2013 Les Oliviers), sans les d\u00e9naturer, ce travail est effectu\u00e9 en concordance avec l&#8217;entreprise paysagistique EGD, sous la houlette de son directeur\/paysagiste Elso Bandiera<\/p>\n[\/vc_column_text][\/vc_column][vc_column width=&#8221;1\/4&#8243;][vc_custom_heading text=&#8221;F\u00e9d\u00e9ration Tunisienne de GOLF&#8221; font_container=&#8221;tag:h4|text_align:center|color:%23038583&#8243; google_fonts=&#8221;font_family:Playfair%20Display%3Aregular%2Citalic%2C700%2C700italic%2C900%2C900italic|font_style:400%20regular%3A400%3Anormal&#8221; link=&#8221;url:http%3A%2F%2Fwww.ftg.org.tn%2F||target:%20_blank|&#8221;][vc_single_image image=&#8221;422&#8243; img_size=&#8221;full&#8221; alignment=&#8221;center&#8221;][vc_column_text css=&#8221;.vc_custom_1561209780526{margin-top: -30px !important;}&#8221;]\n<p style=\"text-align: justify;\">F\u00e9d\u00e9ration Tunisienne de Golf a pour objectifs\u00a0:<\/p>\n<p style=\"text-align: justify;\">D\u00e9veloppement de la pratique du golf \u00e0 l\u2019\u00e9chelle nationale, et ce, \u00e0 travers l\u2019accroissement du nombre des licenci\u00e9s ainsi que du nombre des parcours.<\/p>\n<p style=\"text-align: justify;\">L\u2019organisation d\u2019un championnat national cr\u00e9dible \u00e0 travers une gestion rigoureuse des aspects techniques (gestion des handicaps, arbitrage, etc\u2026)<\/p>\n<p style=\"text-align: justify;\">Un encadrement et une mise en valeur de l\u2019\u00e9lite sportive.<\/p>\n<p style=\"text-align: justify;\">D\u00e9veloppement avec les f\u00e9d\u00e9rations \u00e9trang\u00e8res, \u00e0 savoir : Le Royal &amp; Ancient St Andrews, la F\u00e9d\u00e9ration Fran\u00e7aise de Golf, la F\u00e9d\u00e9ration M\u00e9diterran\u00e9enne de Golf, ainsi que sur le plan national.<\/p>\n<p style=\"text-align: justify;\">Mise en place d\u2019un programme rigoureux et ambitieux pour l\u2019\u00e9lite nationale adulte et jeune pour une meilleure repr\u00e9sentation de notre pays dans les comp\u00e9titions internationales.<\/p>\n<p style=\"text-align: justify;\">La promotion et le d\u00e9veloppement du golf dans le milieu scolaire.<\/p>\n<p style=\"text-align: justify;\">La promotion du golf au niveau des adultes pour l\u2019accroissement des journ\u00e9es \u00ab portes ouvertes \u00bb et les tournois \u00e0 travers les associations sportives<\/p>\n[\/vc_column_text][\/vc_column][\/vc_row][vc_row full_width=&#8221;stretch_row&#8221;][vc_column width=&#8221;1\/4&#8243;][vc_custom_heading text=&#8221;Golf Fee Card&#8221; font_container=&#8221;tag:h4|text_align:center|color:%23038583&#8243; google_fonts=&#8221;font_family:Playfair%20Display%3Aregular%2Citalic%2C700%2C700italic%2C900%2C900italic|font_style:400%20regular%3A400%3Anormal&#8221; link=&#8221;url:http%3A%2F%2Fwww.golfcard.de%2F||target:%20_blank|&#8221;][vc_single_image image=&#8221;424&#8243; img_size=&#8221;full&#8221; alignment=&#8221;center&#8221;][vc_column_text css=&#8221;.vc_custom_1561209254104{margin-top: -30px !important;}&#8221;]\n<p style=\"text-align: justify;\">Le Golf Citrus est partenaire du r\u00e9seau Golf Fee Card et propose une r\u00e9duction \u00e0 ses membres sur le Green Fee pay\u00e9 \u00e0 la r\u00e9ception du Golf sur pr\u00e9sentation d&#8217;une carte valide<\/p>\n[\/vc_column_text][\/vc_column][vc_column width=&#8221;1\/4&#8243;][vc_custom_heading text=&#8221;Golfy&#8221; font_container=&#8221;tag:h4|text_align:center|color:%23038583&#8243; google_fonts=&#8221;font_family:Playfair%20Display%3Aregular%2Citalic%2C700%2C700italic%2C900%2C900italic|font_style:400%20regular%3A400%3Anormal&#8221; link=&#8221;url:http%3A%2F%2Fwww.golfy.fr%2F||target:%20_blank|&#8221;][vc_single_image image=&#8221;426&#8243; img_size=&#8221;full&#8221; alignment=&#8221;center&#8221;][vc_column_text css=&#8221;.vc_custom_1561209347135{margin-top: -30px !important;}&#8221;]\n<p style=\"text-align: justify;\">Le Golf Citrus est partenaire du r\u00e9seau Golfy et propose une r\u00e9duction \u00e0 ses membres sur le Green Fee pay\u00e9 \u00e0 la r\u00e9ception du Golf sur pr\u00e9sentation d&#8217;une carte valide.<\/p>\n[\/vc_column_text][\/vc_column][vc_column width=&#8221;1\/4&#8243;][vc_custom_heading text=&#8221;LIC&#8221; font_container=&#8221;tag:h4|text_align:center|color:%23038583&#8243; google_fonts=&#8221;font_family:Playfair%20Display%3Aregular%2Citalic%2C700%2C700italic%2C900%2C900italic|font_style:400%20regular%3A400%3Anormal&#8221; link=&#8221;url:http%3A%2F%2Fwww.lic24.de%2F||target:%20_blank|&#8221;][vc_single_image image=&#8221;427&#8243; img_size=&#8221;full&#8221; alignment=&#8221;center&#8221;][vc_column_text css=&#8221;.vc_custom_1561209417125{margin-top: -30px !important;}&#8221;]\n<p style=\"text-align: justify;\">Le Golf Citrus est partenaire du r\u00e9seau LIC Ladies International Card et propose une r\u00e9duction \u00e0 ses membres sur le Green Fee pay\u00e9 \u00e0 la r\u00e9ception du Golf sur pr\u00e9sentation d&#8217;une carte valide<\/p>\n[\/vc_column_text][\/vc_column][vc_column width=&#8221;1\/4&#8243;][vc_custom_heading text=&#8221;Opus Golf&#8221; font_container=&#8221;tag:h4|text_align:center|color:%23038583&#8243; google_fonts=&#8221;font_family:Playfair%20Display%3Aregular%2Citalic%2C700%2C700italic%2C900%2C900italic|font_style:400%20regular%3A400%3Anormal&#8221; link=&#8221;url:http%3A%2F%2Fwww.opus-golf.com%2FGolfs00065||target:%20_blank|&#8221;][vc_single_image image=&#8221;428&#8243; img_size=&#8221;full&#8221; alignment=&#8221;center&#8221;][vc_column_text css=&#8221;.vc_custom_1561209536264{margin-top: -30px !important;}&#8221;]Retrouvez tous vos voyages avec Golf Autour du Monde[\/vc_column_text][\/vc_column][\/vc_row]\n<\/div>","protected":false},"excerpt":{"rendered":"<p>[vc_row][vc_column width=&#8221;1\/4&#8243;][vc_custom_heading text=&#8221;IAGTO&#8221; font_container=&#8221;tag:h4|text_align:center|color:%23038583&#8243; google_fonts=&#8221;font_family:Playfair%20Display%3Aregular%2Citalic%2C700%2C700italic%2C900%2C900italic|font_style:400%20regular%3A400%3Anormal&#8221; link=&#8221;url:http%3A%2F%2Fwww.iagto.com%2F||target:%20_blank|&#8221;][vc_single_image image=&#8221;417&#8243; img_size=&#8221;full&#8221; alignment=&#8221;center&#8221;][vc_column_text css=&#8221;.vc_custom_1561208595290{margin-top: -30px !important;}&#8221;] Le Golf Citrus est membre de l&#8217;IAGTO qui est une association rassemblant tous les<span class=\"excerpt-hellip\"> [\u2026]<\/span><\/p>\n","protected":false},"author":1,"featured_media":0,"parent":0,"menu_order":0,"comment_status":"closed","ping_status":"closed","template":"","meta":{"footnotes":""},"class_list":["post-2512","page","type-page","status-publish","hentry"],"_links":{"self":[{"href":"https:\/\/www.citrusgolfclub.com\/en\/wp-json\/wp\/v2\/pages\/2512","targetHints":{"allow":["GET"]}}],"collection":[{"href":"https:\/\/www.citrusgolfclub.com\/en\/wp-json\/wp\/v2\/pages"}],"about":[{"href":"https:\/\/www.citrusgolfclub.com\/en\/wp-json\/wp\/v2\/types\/page"}],"author":[{"embeddable":true,"href":"https:\/\/www.citrusgolfclub.com\/en\/wp-json\/wp\/v2\/users\/1"}],"replies":[{"embeddable":true,"href":"https:\/\/www.citrusgolfclub.com\/en\/wp-json\/wp\/v2\/comments?post=2512"}],"version-history":[{"count":2,"href":"https:\/\/www.citrusgolfclub.com\/en\/wp-json\/wp\/v2\/pages\/2512\/revisions"}],"predecessor-version":[{"id":2515,"href":"https:\/\/www.citrusgolfclub.com\/en\/wp-json\/wp\/v2\/pages\/2512\/revisions\/2515"}],"wp:attachment":[{"href":"https:\/\/www.citrusgolfclub.com\/en\/wp-json\/wp\/v2\/media?parent=2512"}],"curies":[{"name":"wp","href":"https:\/\/api.w.org\/{rel}","templated":true}]}}